{"id":17955,"date":"2018-12-17T20:55:04","date_gmt":"2018-12-17T22:55:04","guid":{"rendered":"http:\/\/puppyboom.com.br\/loja\/?page_id=17955"},"modified":"2018-12-17T21:56:25","modified_gmt":"2018-12-17T23:56:25","slug":"termos-e-condicoes","status":"publish","type":"page","link":"https:\/\/puppyboom.com.br\/loja\/termos-e-condicoes\/","title":{"rendered":"Termos e Condi\u00e7\u00f5es"},"content":{"rendered":"\n  <div class=\"banner has-hover has-parallax\" id=\"banner-2081629072\">\n          <div class=\"banner-inner fill\">\n        <div class=\"banner-bg fill\" data-parallax=\"-3\" data-parallax-container=\".banner\" data-parallax-background>\n            <div class=\"bg fill bg-fill bg-loaded\"><\/div>\n                        <div class=\"overlay\"><\/div>            \n                    <\/div>\n\t\t\n        <div class=\"banner-layers container\">\n            <div class=\"fill banner-link\"><\/div>            \n   <div id=\"text-box-341645356\" class=\"text-box banner-layer x50 md-x50 lg-x50 y100 md-y60 lg-y60 res-text\">\n                                <div class=\"text-box-content text dark\">\n              \n              <div class=\"text-inner text-center\">\n                  \n<h1 class=\"lead\">TERMOS &#038; CONDI\u00c7\u00d5ES<\/h1>\n              <\/div>\n           <\/div>\n                            \n<style>\n#text-box-341645356 {\n  width: 80%;\n}\n#text-box-341645356 .text-box-content {\n  font-size: 100%;\n}\n<\/style>\n    <\/div>\n \n        <\/div>\n      <\/div>\n\n            \n<style>\n#banner-2081629072 {\n  padding-top: 400px;\n}\n#banner-2081629072 .bg.bg-loaded {\n  background-image: url(https:\/\/puppyboom.com.br\/loja\/wp-content\/uploads\/2018\/06\/slide-sobre.jpg);\n}\n#banner-2081629072 .overlay {\n  background-color: rgba(0, 0, 0, 0.7);\n}\n#banner-2081629072 .bg {\n  background-position: 66% 92%;\n}\n@media (min-width:550px) {\n  #banner-2081629072 {\n    padding-top: 507px;\n  }\n  #banner-2081629072 .overlay {\n    background-color: rgba(0, 0, 0, 0.6);\n  }\n}\n<\/style>\n  <\/div>\n\n\n<div class=\"row\"  id=\"row-49702187\">\n\n\t<div id=\"col-801211282\" class=\"col small-12 large-12\"  >\n\t\t\t\t<div class=\"col-inner\"  >\n\t\t\t\n\t\t\t\n<p class=\"lead\">FERNANDA BELLAZZI GUIMAR\u00c3ES ME, com CNPJ 19.808.664\/0001-00 \u00fanica e exclusiva propriet\u00e1ria dos dom\u00ednios que utilizam a marca PUPPY BOOM, e doravante denominado unicamente de SITE PUPPY BOOM, estabelece o presente instrumento denominado TERMO DE USO para o USU\u00c1RIO do SITE PUPPY BOOM, conforme as condi\u00e7\u00f5es abaixo descritas:<\/p>\n<p class=\"lead\">Por este TERMO DE USO, o USU\u00c1RIO do PUPPY BOOM fica ciente e concorda que ao utilizar o site PUPPY BOOM, automaticamente aderir\u00e1 e concordar\u00e1 em se submeter integralmente \u00e0s condi\u00e7\u00f5es do presente TERMO DE USO e qualquer de suas altera\u00e7\u00f5es futuras.<\/p>\n<p class=\"lead\">As palavras grafadas neste instrumento com letras mai\u00fasculas ter\u00e3o o significado que a elas \u00e9 atribu\u00eddo de acordo com o estabelecido abaixo:<\/p>\n<p class=\"lead\"><strong>USU\u00c1RIO(S):<\/strong>\u00a0s\u00e3o as pessoas f\u00edsicas ou jur\u00eddicas que acessam e usam os servi\u00e7os providos pela PUPPY BOOM.<\/p>\n<p class=\"lead\"><strong>SITE:<\/strong> conjunto de p\u00e1ginas ou lugar no ambiente da Internet ocupado com CONTE\u00daDO de uma empresa ou de uma pessoa.<\/p>\n<p class=\"lead\"><strong>SITE PUPPY BOOM: <\/strong>\u00e9 o SITE de internet registrado no N\u00facleo de Informa\u00e7\u00e3o e Coordena\u00e7\u00e3o do Ponto BR (www.registro.br) sob o dom\u00ednio PUPPYBOOM.com.br, com todos os recursos e ferramentas relacionadas a este, bem como outros SITES e dom\u00ednios da marca PUPPY BOOM registrados nos respectivos \u00f3rg\u00e3os respons\u00e1veis pela classifica\u00e7\u00e3o e registro do dom\u00ednio.<\/p>\n<p class=\"lead\"><strong>ANUNCIANTE(S): <\/strong>s\u00e3o as pessoas f\u00edsicas ou jur\u00eddicas que veiculam seus an\u00fancios ou publicidade no PUPPY BOOM.<\/p>\n<p class=\"lead\"><strong>COOKIE(S): <\/strong>pequeno arquivo de texto armazenado nos navegadores. Este recurso possibilita a identifica\u00e7\u00e3o de USU\u00c1RIOS e o direcionamento de documentos de acordo com par\u00e2metros pr\u00e9-estabelecidos.<\/p>\n<p class=\"lead\"><strong>LINKS(S): <\/strong>significa um acesso eletr\u00f4nico, seja por meio de imagens ou palavras, que permite a conex\u00e3o a outras telas de um mesmo SITE, ou, ainda, de outros SITES.<\/p>\n<p class=\"lead\"><strong>SPAN: <\/strong>s\u00e3o e-mails enviados a um grupo de USU\u00c1RIOS sem a sua devida permiss\u00e3o.<\/p>\n<p class=\"lead\"><strong>CONTE\u00daDO: <\/strong>inclui texto, programas, scripts, gr\u00e1ficos, fotos, sons, imagens, m\u00fasicas, v\u00eddeos, combina\u00e7\u00f5es audiovisuais, anima\u00e7\u00f5es, recursos interativos e outros materiais que o(s) USU\u00c1RIO(S) e o(s) ANUNCIANTE(S), t\u00eam acesso ou submetem a um SITE.<\/p>\n<p class=\"lead\">Este documento informa as responsabilidades, deveres e obriga\u00e7\u00f5es que todo USU\u00c1RIO(S) assume ao acessar e\/ou utilizar o SITE PUPPY BOOM e seus servi\u00e7os relacionados como softwares, complementos, plug-ins, barras e acess\u00f3rios a n\u00e3o ser quando regido por um TERMO DE USO espec\u00edfico.<\/p>\n<p class=\"lead\">O USU\u00c1RIO(S) deve ler com aten\u00e7\u00e3o os termos abaixo antes de acessar ou usar o SITE PUPPY BOOM, pois, o acesso ou uso deste implica em concord\u00e2ncia integral com tais termos universais.<\/p>\n<p class=\"lead\">O SITE PUPPY BOOM e os demais participantes do SITE somente fornecer\u00e3o ao USU\u00c1RIO(S) informa\u00e7\u00f5es e servi\u00e7os mediante expressa concord\u00e2ncia aos TERMOS DE USO, condi\u00e7\u00f5es e informa\u00e7\u00f5es aqui contidas, assim como aos demais documentos incorporados ao mesmo por refer\u00eancia. O uso do SITE PUPPY BOOM significa a total concord\u00e2ncia com tais termos, condi\u00e7\u00f5es e informa\u00e7\u00f5es.<\/p>\n<p class=\"lead\">Eventuais erros no funcionamento do SITE PUPPY BOOM ser\u00e3o corrigidos durante o per\u00edodo que for necess\u00e1rio para manuten\u00e7\u00e3o. O SITE PUPPY BOOM n\u00e3o se responsabiliza por danos decorrentes da n\u00e3o disponibilidade ou erro de funcionamento do SITE PUPPY BOOM.<\/p>\n<p class=\"lead\">O USU\u00c1RIO(S) atrav\u00e9s deste TERMO DE USO aceita ser identificado pelo sistema do SITE PUPPY BOOM, como, por exemplo, no uso de COOKIES e\/ou de outras tecnologias. Tal pol\u00edtica visa \u00e0 melhoria cont\u00ednua dos servi\u00e7os prestados pelo SITE PUPPY BOOM.<\/p>\n<p class=\"lead\">Caso exista alguma d\u00favida referente aos dados coletados pelo SITE PUPPY BOOM consulte a nossa Pol\u00edtica de Privacidade.<\/p>\n<p class=\"lead\">O SITE PUPPY BOOM envidar\u00e1 seus melhores esfor\u00e7os para evitar o envio n\u00e3o solicitado de e-mails. Para tanto, resta estabelecido que seja absolutamente proibida \u00e0 utiliza\u00e7\u00e3o do SITE PUPPY BOOM para a distribui\u00e7\u00e3o de SPAM ou o envio indiscriminado de mensagens de qualquer natureza via correio eletr\u00f4nico.<\/p>\n<p class=\"lead\">Fica a crit\u00e9rio exclusivo do SITE PUPPY BOOM suspender e\/ou inabilitar definitivamente e aplicar as medidas jur\u00eddicas cab\u00edveis aos USU\u00c1RIO(S) que se utilizarem do SITE PUPPY BOOM com a finalidade de promover seus produtos ou servi\u00e7os \u00e0 venda ou com qualquer outro fim, e que forem denunciados pelas pessoas que receberam essas mensagens SPAM.<\/p>\n<p class=\"lead\">O descumprimento \u00e0s condi\u00e7\u00f5es, termos e observa\u00e7\u00f5es deste TERMO DE USO d\u00e1 ao SITE PUPPY BOOM o direito de cancelar, suspender, excluir e\/ou desativar o cadastro, tempor\u00e1ria ou definitivamente, ao seu \u00fanico e exclusivo crit\u00e9rio, sem preju\u00edzo das comina\u00e7\u00f5es legais pertinentes e sem a necessidade de comunicar ao USU\u00c1RIO(S) a a\u00e7\u00e3o tomada dentro do seu sistema.<\/p>\n<p class=\"lead\">Todos os materiais do SITE PUPPY BOOM, incluindo, mas n\u00e3o se limitando a apresenta\u00e7\u00e3o, &#8220;layout&#8221;, marcas, logotipos, sistemas, produtos, denomina\u00e7\u00f5es de servi\u00e7os e quaisquer outros materiais, inclusive bases de dados, programas, arquivos, imagens, v\u00eddeos ou materiais de qualquer outra natureza e que tenham contratualmente autorizadas suas veicula\u00e7\u00f5es no SITE PUPPY BOOM s\u00e3o protegidas pela legisla\u00e7\u00e3o de Propriedade Intelectual.<\/p>\n<p class=\"lead\">S\u00e3o de titularidade do SITE PUPPY BOOM e de suas afiliadas, clientes ou fornecedores os direitos de uso e propriedade delimitando que sua reprodu\u00e7\u00e3o, transmiss\u00e3o e distribui\u00e7\u00e3o de tais materiais, n\u00e3o s\u00e3o permitidas sem o expresso consentimento por escrito do SITE PUPPY BOOM ou do respectivo titular, sobretudo para o fim econ\u00f4mico ou comercial.<\/p>\n<p class=\"lead\">Caracterizar\u00e1 como infra\u00e7\u00e3o da legisla\u00e7\u00e3o vigente, o uso indevido de materiais protegidos por propriedade intelectual (direito autoral, marcas comerciais, patentes etc.) apresentados no SITE PUPPY BOOM, sujeitando-se o USU\u00c1RIO(S) infrator \u00e0s medidas judiciais cab\u00edveis \u00e0 esp\u00e9cie, sem preju\u00edzo de eventual indeniza\u00e7\u00e3o por perdas e danos e honor\u00e1rios advocat\u00edcios ao SITE PUPPY BOOM, bem como a terceiros que venham a sofrer pelo ato do USU\u00c1RIO(S).<\/p>\n<p class=\"lead\">Os riscos derivados da utiliza\u00e7\u00e3o do SITE PUPPY BOOM s\u00e3o do USU\u00c1RIO(S), logo, se seu uso resultar na necessidade de servi\u00e7os e\/ou reposi\u00e7\u00e3o de material, equipamento, propriedade ou informa\u00e7\u00e3o do USU\u00c1RIO(S) o SITE PUPPY BOOM e suas afiliadas n\u00e3o ser\u00e3o respons\u00e1veis por tais custos.<\/p>\n<p class=\"lead\">Os produtos, informa\u00e7\u00f5es, valores, servi\u00e7os sistemas e\/ou &#8220;software&#8221;, publicados no SITE PUPPY BOOM podem conter imprecis\u00f5es e\/ou erros de grafia, raz\u00e3o pela qual o PUPPY BOOM envidar\u00e1 seus melhores esfor\u00e7os para manter o SITE atualizado periodicamente.<\/p>\n<p class=\"lead\">De nenhum modo o PUPPY BOOM ser\u00e1 responsabilizado por qualquer dano direto, indireto, especial, incidental ou de qualquer fato resultante do uso do PUPPY BOOM, inclusive por quaisquer informa\u00e7\u00f5es, produtos e\/ou servi\u00e7os obtidos atrav\u00e9s dele ou em decorr\u00eancia do seu uso.<\/p>\n<p class=\"lead\">O PUPPY BOOM poder\u00e1 alterar, modificar e\/ou ajustar este TERMO DE USO a qualquer tempo, sendo que essas altera\u00e7\u00f5es, modifica\u00e7\u00f5es e\/ou ajustes ter\u00e3o efeito somente ap\u00f3s se tornarem p\u00fablicos. Desse modo, o USU\u00c1RIO(S) obriga-se a rever o TERMO DE USO do PUPPY BOOM de tempos em tempos, restando claro que o USU\u00c1RIO(S) subordina-se \u00e0 aceita\u00e7\u00e3o do TERMO DE USO vigente no momento de seu acesso ou faz uso dos servi\u00e7os prestados pelo PUPPY BOOM.<\/p>\n<p class=\"lead\">O SITE PUPPY BOOM reserva-se ao direito de alterar, condensar ou excluir qualquer CONTE\u00daDO do SITE PUPPY BOOM que considere, a seu exclusivo crit\u00e9rio, violar as diretrizes de CONTE\u00daDO, a legisla\u00e7\u00e3o brasileira ou de qualquer outra disposi\u00e7\u00e3o do presente TERMO DE USO.<\/p>\n<p class=\"lead\">Quaisquer avisos ou comunica\u00e7\u00f5es, que uma das partes tenha de fazer a outra parte, em rela\u00e7\u00e3o a quaisquer direitos ou obriga\u00e7\u00f5es contidas no presente instrumento, dever\u00e3o adotar a forma escrita e ser\u00e3o tidas como eficazmente entregues no endere\u00e7o da PUPPY BOOM se:<\/p>\n<ul class=\"lista-valores\">\n<li class=\"bullet-checkmark\">Entregues em m\u00e3os mediante protocolo escrito por quem de direito possa representar a parte remetida;<\/li>\n<li class=\"bullet-checkmark\">Enviadas por servi\u00e7o de &#8220;courier&#8221; mediante protocolo escrito ou se pelo correio, na forma de carta registrada (&#8220;AR&#8221;); ou<\/li>\n<li class=\"bullet-checkmark\">Enviadas por e-mail, ou outro meio eletr\u00f4nico h\u00e1bil para tais comunica\u00e7\u00f5es.<\/li>\n<\/ul>\n<p class=\"lead\">As partes convencionam o recebimento de mensagens e arquivos eletr\u00f4nicos como prova documental para todos os efeitos, desde que com aviso de confirma\u00e7\u00e3o de recebimento ou outro tipo de protocolo que certifique o recebimento da comunica\u00e7\u00e3o.<\/p>\n<p class=\"lead\">Fica eleito o foro da Comarca de S\u00c3O JOS\u00c9 DO RIO PRETO, SP, como competente para dirimir quaisquer controv\u00e9rsias decorrentes deste TERMO DE USO independentemente de qualquer outro, por mais privilegiado que seja ou venha a ser.<\/p>\n<div class=\"text-center\"><div class=\"is-divider divider clearfix\" ><\/div><\/div>\n\t\t<\/div>\n\t\t\t\t\t<\/div>\n\n\t\n<\/div>\n","protected":false},"excerpt":{"rendered":"","protected":false},"author":1,"featured_media":0,"parent":0,"menu_order":0,"comment_status":"closed","ping_status":"closed","template":"page-transparent-header-light.php","meta":{"footnotes":""},"yoast_head":"<!-- This site is optimized with the Yoast SEO plugin v21.5 - https:\/\/yoast.com\/wordpress\/plugins\/seo\/ -->\n<title>Termos e Condi\u00e7\u00f5es - Puppy Boom<\/title>\n<meta name=\"robots\" content=\"index, follow, max-snippet:-1, max-image-preview:large, max-video-preview:-1\" \/>\n<link rel=\"canonical\" href=\"https:\/\/puppyboom.com.br\/loja\/termos-e-condicoes\/\" \/>\n<meta property=\"og:locale\" content=\"pt_BR\" \/>\n<meta property=\"og:type\" content=\"article\" \/>\n<meta property=\"og:title\" content=\"Termos e Condi\u00e7\u00f5es - Puppy Boom\" \/>\n<meta property=\"og:url\" content=\"https:\/\/puppyboom.com.br\/loja\/termos-e-condicoes\/\" \/>\n<meta property=\"og:site_name\" content=\"Puppy Boom\" \/>\n<meta property=\"article:publisher\" content=\"https:\/\/www.facebook.com\/puppyboomoficial\/\" \/>\n<meta property=\"article:modified_time\" content=\"2018-12-17T23:56:25+00:00\" \/>\n<meta name=\"twitter:card\" content=\"summary_large_image\" \/>\n<meta name=\"twitter:label1\" content=\"Est. tempo de leitura\" \/>\n\t<meta name=\"twitter:data1\" content=\"8 minutos\" \/>\n<script type=\"application\/ld+json\" class=\"yoast-schema-graph\">{\"@context\":\"https:\/\/schema.org\",\"@graph\":[{\"@type\":\"WebPage\",\"@id\":\"https:\/\/puppyboom.com.br\/loja\/termos-e-condicoes\/\",\"url\":\"https:\/\/puppyboom.com.br\/loja\/termos-e-condicoes\/\",\"name\":\"Termos e Condi\u00e7\u00f5es - Puppy Boom\",\"isPartOf\":{\"@id\":\"https:\/\/puppyboom.com.br\/loja\/#website\"},\"datePublished\":\"2018-12-17T22:55:04+00:00\",\"dateModified\":\"2018-12-17T23:56:25+00:00\",\"breadcrumb\":{\"@id\":\"https:\/\/puppyboom.com.br\/loja\/termos-e-condicoes\/#breadcrumb\"},\"inLanguage\":\"pt-BR\",\"potentialAction\":[{\"@type\":\"ReadAction\",\"target\":[\"https:\/\/puppyboom.com.br\/loja\/termos-e-condicoes\/\"]}]},{\"@type\":\"BreadcrumbList\",\"@id\":\"https:\/\/puppyboom.com.br\/loja\/termos-e-condicoes\/#breadcrumb\",\"itemListElement\":[{\"@type\":\"ListItem\",\"position\":1,\"name\":\"In\u00edcio\",\"item\":\"https:\/\/puppyboom.com.br\/loja\/\"},{\"@type\":\"ListItem\",\"position\":2,\"name\":\"Termos e Condi\u00e7\u00f5es\"}]},{\"@type\":\"WebSite\",\"@id\":\"https:\/\/puppyboom.com.br\/loja\/#website\",\"url\":\"https:\/\/puppyboom.com.br\/loja\/\",\"name\":\"Puppy Boom\",\"description\":\"Caminhas, Colchonetes e Futons para PET e Voc\u00ea (Terap\u00eauticos e Ortop\u00e9dicos)\",\"publisher\":{\"@id\":\"https:\/\/puppyboom.com.br\/loja\/#organization\"},\"potentialAction\":[{\"@type\":\"SearchAction\",\"target\":{\"@type\":\"EntryPoint\",\"urlTemplate\":\"https:\/\/puppyboom.com.br\/loja\/?s={search_term_string}\"},\"query-input\":\"required name=search_term_string\"}],\"inLanguage\":\"pt-BR\"},{\"@type\":\"Organization\",\"@id\":\"https:\/\/puppyboom.com.br\/loja\/#organization\",\"name\":\"Puppy Boom\",\"url\":\"https:\/\/puppyboom.com.br\/loja\/\",\"logo\":{\"@type\":\"ImageObject\",\"inLanguage\":\"pt-BR\",\"@id\":\"https:\/\/puppyboom.com.br\/loja\/#\/schema\/logo\/image\/\",\"url\":\"https:\/\/puppyboom.com.br\/loja\/wp-content\/uploads\/2019\/01\/logo-boleto.png\",\"contentUrl\":\"https:\/\/puppyboom.com.br\/loja\/wp-content\/uploads\/2019\/01\/logo-boleto.png\",\"width\":145,\"height\":44,\"caption\":\"Puppy Boom\"},\"image\":{\"@id\":\"https:\/\/puppyboom.com.br\/loja\/#\/schema\/logo\/image\/\"},\"sameAs\":[\"https:\/\/www.facebook.com\/puppyboomoficial\/\",\"https:\/\/www.instagram.com\/puppyboomoficial\/\"]}]}<\/script>\n<!-- \/ Yoast SEO plugin. -->","yoast_head_json":{"title":"Termos e Condi\u00e7\u00f5es - Puppy Boom","robots":{"index":"index","follow":"follow","max-snippet":"max-snippet:-1","max-image-preview":"max-image-preview:large","max-video-preview":"max-video-preview:-1"},"canonical":"https:\/\/puppyboom.com.br\/loja\/termos-e-condicoes\/","og_locale":"pt_BR","og_type":"article","og_title":"Termos e Condi\u00e7\u00f5es - Puppy Boom","og_url":"https:\/\/puppyboom.com.br\/loja\/termos-e-condicoes\/","og_site_name":"Puppy Boom","article_publisher":"https:\/\/www.facebook.com\/puppyboomoficial\/","article_modified_time":"2018-12-17T23:56:25+00:00","twitter_card":"summary_large_image","twitter_misc":{"Est. tempo de leitura":"8 minutos"},"schema":{"@context":"https:\/\/schema.org","@graph":[{"@type":"WebPage","@id":"https:\/\/puppyboom.com.br\/loja\/termos-e-condicoes\/","url":"https:\/\/puppyboom.com.br\/loja\/termos-e-condicoes\/","name":"Termos e Condi\u00e7\u00f5es - Puppy Boom","isPartOf":{"@id":"https:\/\/puppyboom.com.br\/loja\/#website"},"datePublished":"2018-12-17T22:55:04+00:00","dateModified":"2018-12-17T23:56:25+00:00","breadcrumb":{"@id":"https:\/\/puppyboom.com.br\/loja\/termos-e-condicoes\/#breadcrumb"},"inLanguage":"pt-BR","potentialAction":[{"@type":"ReadAction","target":["https:\/\/puppyboom.com.br\/loja\/termos-e-condicoes\/"]}]},{"@type":"BreadcrumbList","@id":"https:\/\/puppyboom.com.br\/loja\/termos-e-condicoes\/#breadcrumb","itemListElement":[{"@type":"ListItem","position":1,"name":"In\u00edcio","item":"https:\/\/puppyboom.com.br\/loja\/"},{"@type":"ListItem","position":2,"name":"Termos e Condi\u00e7\u00f5es"}]},{"@type":"WebSite","@id":"https:\/\/puppyboom.com.br\/loja\/#website","url":"https:\/\/puppyboom.com.br\/loja\/","name":"Puppy Boom","description":"Caminhas, Colchonetes e Futons para PET e Voc\u00ea (Terap\u00eauticos e Ortop\u00e9dicos)","publisher":{"@id":"https:\/\/puppyboom.com.br\/loja\/#organization"},"potentialAction":[{"@type":"SearchAction","target":{"@type":"EntryPoint","urlTemplate":"https:\/\/puppyboom.com.br\/loja\/?s={search_term_string}"},"query-input":"required name=search_term_string"}],"inLanguage":"pt-BR"},{"@type":"Organization","@id":"https:\/\/puppyboom.com.br\/loja\/#organization","name":"Puppy Boom","url":"https:\/\/puppyboom.com.br\/loja\/","logo":{"@type":"ImageObject","inLanguage":"pt-BR","@id":"https:\/\/puppyboom.com.br\/loja\/#\/schema\/logo\/image\/","url":"https:\/\/puppyboom.com.br\/loja\/wp-content\/uploads\/2019\/01\/logo-boleto.png","contentUrl":"https:\/\/puppyboom.com.br\/loja\/wp-content\/uploads\/2019\/01\/logo-boleto.png","width":145,"height":44,"caption":"Puppy Boom"},"image":{"@id":"https:\/\/puppyboom.com.br\/loja\/#\/schema\/logo\/image\/"},"sameAs":["https:\/\/www.facebook.com\/puppyboomoficial\/","https:\/\/www.instagram.com\/puppyboomoficial\/"]}]}},"_links":{"self":[{"href":"https:\/\/puppyboom.com.br\/loja\/wp-json\/wp\/v2\/pages\/17955"}],"collection":[{"href":"https:\/\/puppyboom.com.br\/loja\/wp-json\/wp\/v2\/pages"}],"about":[{"href":"https:\/\/puppyboom.com.br\/loja\/wp-json\/wp\/v2\/types\/page"}],"author":[{"embeddable":true,"href":"https:\/\/puppyboom.com.br\/loja\/wp-json\/wp\/v2\/users\/1"}],"replies":[{"embeddable":true,"href":"https:\/\/puppyboom.com.br\/loja\/wp-json\/wp\/v2\/comments?post=17955"}],"version-history":[{"count":2,"href":"https:\/\/puppyboom.com.br\/loja\/wp-json\/wp\/v2\/pages\/17955\/revisions"}],"predecessor-version":[{"id":17957,"href":"https:\/\/puppyboom.com.br\/loja\/wp-json\/wp\/v2\/pages\/17955\/revisions\/17957"}],"wp:attachment":[{"href":"https:\/\/puppyboom.com.br\/loja\/wp-json\/wp\/v2\/media?parent=17955"}],"curies":[{"name":"wp","href":"https:\/\/api.w.org\/{rel}","templated":true}]}}