{"id":17980,"date":"2018-12-22T10:37:14","date_gmt":"2018-12-22T12:37:14","guid":{"rendered":"http:\/\/puppyboom.com.br\/loja\/?page_id=17980"},"modified":"2019-09-12T09:47:20","modified_gmt":"2019-09-12T12:47:20","slug":"beneficios-tecnologias","status":"publish","type":"page","link":"https:\/\/puppyboom.com.br\/loja\/beneficios-tecnologias\/","title":{"rendered":"Tecnologias"},"content":{"rendered":"\n\n  <div class=\"banner has-hover has-parallax\" id=\"banner-224246477\">\n          <div class=\"banner-inner fill\">\n        <div class=\"banner-bg fill\" data-parallax=\"-3\" data-parallax-container=\".banner\" data-parallax-background>\n            <div class=\"bg fill bg-fill bg-loaded\"><\/div>\n                        <div class=\"overlay\"><\/div>            \n                    <\/div>\n\t\t\n        <div class=\"banner-layers container\">\n            <div class=\"fill banner-link\"><\/div>            \n\n   <div id=\"text-box-1650638413\" class=\"text-box banner-layer x50 md-x50 lg-x50 y100 md-y75 lg-y75 res-text\">\n                                <div class=\"text-box-content text dark\">\n              \n              <div class=\"text-inner text-center\">\n                  \n\n<h1 class=\"lead\">TECNOLOGIAS<\/h1>\n\n              <\/div>\n           <\/div>\n                            \n<style>\n#text-box-1650638413 {\n  width: 80%;\n}\n#text-box-1650638413 .text-box-content {\n  font-size: 100%;\n}\n<\/style>\n    <\/div>\n \n\n        <\/div>\n      <\/div>\n\n            \n<style>\n#banner-224246477 {\n  padding-top: 400px;\n}\n#banner-224246477 .bg.bg-loaded {\n  background-image: url(https:\/\/puppyboom.com.br\/loja\/wp-content\/uploads\/2018\/06\/slide-sobre.jpg);\n}\n#banner-224246477 .overlay {\n  background-color: rgba(0, 0, 0, 0.7);\n}\n#banner-224246477 .bg {\n  background-position: 66% 92%;\n}\n@media (min-width:550px) {\n  #banner-224246477 {\n    padding-top: 507px;\n  }\n  #banner-224246477 .overlay {\n    background-color: rgba(0, 0, 0, 0.6);\n  }\n}\n<\/style>\n  <\/div>\n\n\n<div class=\"row\"  id=\"row-2077487362\">\n\n\n\t<div id=\"col-1165744540\" class=\"col small-12 large-12\"  >\n\t\t\t\t<div class=\"col-inner\"  >\n\t\t\t\n\t\t\t\n\n  <div class=\"banner-grid-wrapper\">\n  <div id=\"banner-grid-965818686\" class=\"banner-grid row row-grid row-small\" data-packery-options=\"\">\n                      \n\n<div class=\"col grid-col large-6 grid-col-1\" ><div class=\"col-inner\">\n\n\t<div class=\"img has-hover x md-x lg-x y md-y lg-y\" id=\"image_672570373\">\n\t\t<a class=\"\" href=\"http:\/\/puppyboom.com.br\/loja\/ivl-anti-germs\/\" >\t\t\t\t\t\t<div class=\"img-inner image-fade-out dark\" >\n\t\t\t<img loading=\"lazy\" decoding=\"async\" width=\"518\" height=\"600\" src=\"https:\/\/puppyboom.com.br\/loja\/wp-content\/uploads\/2018\/12\/ivl.jpg\" class=\"attachment-large size-large\" alt=\"\" srcset=\"https:\/\/puppyboom.com.br\/loja\/wp-content\/uploads\/2018\/12\/ivl.jpg 518w, https:\/\/puppyboom.com.br\/loja\/wp-content\/uploads\/2018\/12\/ivl-345x400.jpg 345w, https:\/\/puppyboom.com.br\/loja\/wp-content\/uploads\/2018\/12\/ivl-510x591.jpg 510w\" sizes=\"(max-width: 518px) 100vw, 518px\" \/>\t\t\t\t\t\t\n\t\t\t\t\t<\/div>\n\t\t\t\t\t\t<\/a>\t\t\n<style>\n#image_672570373 {\n  width: 100%;\n}\n<\/style>\n\t<\/div>\n\t\n\n\n<\/div><\/div>\n<div class=\"col grid-col large-3 grid-col-1-2\" ><div class=\"col-inner\">\n\n\n  <div class=\"banner has-hover bg-fade-out\" id=\"banner-1015235915\">\n          <div class=\"banner-inner fill\">\n        <div class=\"banner-bg fill\" >\n            <div class=\"bg fill bg-fill bg-loaded\"><\/div>\n                        <div class=\"overlay\"><\/div>            \n                    <\/div>\n\t\t\n        <div class=\"banner-layers container\">\n            <a class=\"fill\" href=\"http:\/\/puppyboom.com.br\/loja\/ceramica-para-travesseiros\/\" ><div class=\"fill banner-link\"><\/div><\/a>            \n\n   <div id=\"text-box-1202069969\" class=\"text-box banner-layer x50 md-x50 lg-x50 y50 md-y50 lg-y50 res-text\">\n                                <div class=\"text-box-content text dark\">\n              \n              <div class=\"text-inner text-center\">\n                  \n\n<p><a href=\"http:\/\/puppyboom.com.br\/loja\/ceramica-para-travesseiros\/\"><\/p>\n<h2 class=\"animated fadeInLeft uppercase start-anim text-center\">Cer\u00e2micas para travesseiros<\/h2>\n<p><\/a><\/p>\n<div class=\"tx-div medium\"><\/div>\n\n              <\/div>\n           <\/div>\n                            \n<style>\n#text-box-1202069969 {\n  width: 91%;\n}\n#text-box-1202069969 .text-box-content {\n  font-size: 100%;\n}\n<\/style>\n    <\/div>\n \n\n        <\/div>\n      <\/div>\n\n            \n<style>\n#banner-1015235915 {\n  padding-top: 500px;\n}\n#banner-1015235915 .bg.bg-loaded {\n  background-image: url(https:\/\/puppyboom.com.br\/loja\/wp-content\/uploads\/2018\/12\/ceramicas.jpg);\n}\n#banner-1015235915 .overlay {\n  background-color: rgba(0, 0, 0, 0.17);\n}\n<\/style>\n  <\/div>\n\n\n\n<\/div><\/div>\n<div class=\"col grid-col large-3 grid-col-1-2\" ><div class=\"col-inner\">\n\n\n  <div class=\"banner has-hover bg-fade-out\" id=\"banner-2087085838\">\n          <div class=\"banner-inner fill\">\n        <div class=\"banner-bg fill\" >\n            <div class=\"bg fill bg-fill bg-loaded\"><\/div>\n                        <div class=\"overlay\"><\/div>            \n                    <\/div>\n\t\t\n        <div class=\"banner-layers container\">\n            <a class=\"fill\" href=\"https:\/\/puppyboom.com.br\/loja\/beneficios-espuma-ortopedica\/\" ><div class=\"fill banner-link\"><\/div><\/a>            \n\n   <div id=\"text-box-1843398412\" class=\"text-box banner-layer x50 md-x50 lg-x50 y50 md-y50 lg-y50 res-text\">\n                                <div class=\"text-box-content text dark\">\n              \n              <div class=\"text-inner text-center\">\n                  \n\n<p><a href=\"http:\/\/puppyboom.com.br\/loja\/beneficios-rabatan\/\"><\/p>\n<h2 class=\"animated fadeInLeft uppercase start-anim\">Espuma Ortop\u00e9dica<\/h2>\n<p><\/a><\/p>\n<div class=\"tx-div medium\"><\/div>\n\n              <\/div>\n           <\/div>\n                            \n<style>\n#text-box-1843398412 {\n  width: 60%;\n}\n#text-box-1843398412 .text-box-content {\n  font-size: 100%;\n}\n<\/style>\n    <\/div>\n \n\n        <\/div>\n      <\/div>\n\n            \n<style>\n#banner-2087085838 {\n  padding-top: 500px;\n}\n#banner-2087085838 .bg.bg-loaded {\n  background-image: url(https:\/\/puppyboom.com.br\/loja\/wp-content\/uploads\/2018\/12\/rabatan.jpg);\n}\n#banner-2087085838 .overlay {\n  background-color: rgba(0, 0, 0, 0.17);\n}\n<\/style>\n  <\/div>\n\n\n\n<\/div><\/div>\n<div class=\"col grid-col large-3 grid-col-1-2\" ><div class=\"col-inner\">\n\n\n  <div class=\"banner has-hover bg-fade-out\" id=\"banner-382932715\">\n          <div class=\"banner-inner fill\">\n        <div class=\"banner-bg fill\" >\n            <div class=\"bg fill bg-fill bg-loaded\"><\/div>\n                        <div class=\"overlay\"><\/div>            \n                    <\/div>\n\t\t\n        <div class=\"banner-layers container\">\n            <a class=\"fill\" href=\"http:\/\/puppyboom.com.br\/loja\/tecidos\/\" ><div class=\"fill banner-link\"><\/div><\/a>            \n\n   <div id=\"text-box-1322470026\" class=\"text-box banner-layer x50 md-x50 lg-x50 y50 md-y50 lg-y50 res-text\">\n                                <div class=\"text-box-content text dark\">\n              \n              <div class=\"text-inner text-center\">\n                  \n\n<p><a href=\"http:\/\/puppyboom.com.br\/loja\/tecidos\/\"><\/p>\n<h2 class=\"animated fadeInLeft uppercase start-anim\">Acqua block<\/h2>\n<p><\/a><\/p>\n<div class=\"tx-div medium\"><\/div>\n\n              <\/div>\n           <\/div>\n                            \n<style>\n#text-box-1322470026 {\n  width: 60%;\n}\n#text-box-1322470026 .text-box-content {\n  font-size: 100%;\n}\n<\/style>\n    <\/div>\n \n\n        <\/div>\n      <\/div>\n\n            \n<style>\n#banner-382932715 {\n  padding-top: 500px;\n}\n#banner-382932715 .bg.bg-loaded {\n  background-image: url(https:\/\/puppyboom.com.br\/loja\/wp-content\/uploads\/2018\/12\/acqua.jpg);\n}\n#banner-382932715 .overlay {\n  background-color: rgba(0, 0, 0, 0.17);\n}\n<\/style>\n  <\/div>\n\n\n\n<\/div><\/div>\n<div class=\"col grid-col large-3 grid-col-1-2\" ><div class=\"col-inner\">\n\n\n  <div class=\"banner has-hover bg-fade-out\" id=\"banner-1443931502\">\n          <div class=\"banner-inner fill\">\n        <div class=\"banner-bg fill\" >\n            <div class=\"bg fill bg-fill bg-loaded\"><\/div>\n                        <div class=\"overlay\"><\/div>            \n                    <\/div>\n\t\t\n        <div class=\"banner-layers container\">\n            <a class=\"fill\" href=\"http:\/\/puppyboom.com.br\/loja\/imas-de-ferrite\/\" ><div class=\"fill banner-link\"><\/div><\/a>            \n\n   <div id=\"text-box-2110129607\" class=\"text-box banner-layer x50 md-x50 lg-x50 y50 md-y50 lg-y50 res-text\">\n                                <div class=\"text-box-content text dark\">\n              \n              <div class=\"text-inner text-center\">\n                  \n\n<p><a href=\"http:\/\/puppyboom.com.br\/loja\/imas-de-ferrite\/\"><\/p>\n<h2 class=\"animated fadeInLeft uppercase start-anim\">Im\u00e3s de ferrite<\/h2>\n<p><\/a><\/p>\n<div class=\"tx-div medium\"><\/div>\n\n              <\/div>\n           <\/div>\n                            \n<style>\n#text-box-2110129607 {\n  width: 60%;\n}\n#text-box-2110129607 .text-box-content {\n  font-size: 100%;\n}\n<\/style>\n    <\/div>\n \n\n        <\/div>\n      <\/div>\n\n            \n<style>\n#banner-1443931502 {\n  padding-top: 500px;\n}\n#banner-1443931502 .bg.bg-loaded {\n  background-image: url(https:\/\/puppyboom.com.br\/loja\/wp-content\/uploads\/2018\/12\/imas.jpg);\n}\n#banner-1443931502 .overlay {\n  background-color: rgba(0, 0, 0, 0.17);\n}\n<\/style>\n  <\/div>\n\n\n\n<\/div><\/div>\n\n            <\/div>\n    <style>\n    #banner-grid-965818686 .grid-col-1{height: 600px}\n    #banner-grid-965818686 .grid-col-1-2{height: 300px}\n    #banner-grid-965818686 .grid-col-1-3{height:200px}\n    #banner-grid-965818686 .grid-col-2-3{height: 400px}\n    #banner-grid-965818686 .grid-col-1-4{height: 150px}\n    #banner-grid-965818686 .grid-col-3-4{height: 450px}\n\n\n    \n    \n\n  <\/style>\n    <\/div>\n  \n\n\t\t<\/div>\n\t\t\t\t\t<\/div>\n\n\t\n\n<\/div>\n\n","protected":false},"excerpt":{"rendered":"","protected":false},"author":5,"featured_media":0,"parent":0,"menu_order":0,"comment_status":"closed","ping_status":"closed","template":"page-transparent-header-light.php","meta":{"footnotes":""},"yoast_head":"<!-- This site is optimized with the Yoast SEO plugin v21.5 - https:\/\/yoast.com\/wordpress\/plugins\/seo\/ -->\n<title>Tecnologias - Puppy Boom<\/title>\n<meta name=\"robots\" content=\"index, follow, max-snippet:-1, max-image-preview:large, max-video-preview:-1\" \/>\n<link rel=\"canonical\" href=\"https:\/\/puppyboom.com.br\/loja\/beneficios-tecnologias\/\" \/>\n<meta property=\"og:locale\" content=\"pt_BR\" \/>\n<meta property=\"og:type\" content=\"article\" \/>\n<meta property=\"og:title\" content=\"Tecnologias - Puppy Boom\" \/>\n<meta property=\"og:url\" content=\"https:\/\/puppyboom.com.br\/loja\/beneficios-tecnologias\/\" \/>\n<meta property=\"og:site_name\" content=\"Puppy Boom\" \/>\n<meta property=\"article:publisher\" content=\"https:\/\/www.facebook.com\/puppyboomoficial\/\" \/>\n<meta property=\"article:modified_time\" content=\"2019-09-12T12:47:20+00:00\" \/>\n<meta name=\"twitter:card\" content=\"summary_large_image\" \/>\n<meta name=\"twitter:label1\" content=\"Est. tempo de leitura\" \/>\n\t<meta name=\"twitter:data1\" content=\"1 minuto\" \/>\n<script type=\"application\/ld+json\" class=\"yoast-schema-graph\">{\"@context\":\"https:\/\/schema.org\",\"@graph\":[{\"@type\":\"WebPage\",\"@id\":\"https:\/\/puppyboom.com.br\/loja\/beneficios-tecnologias\/\",\"url\":\"https:\/\/puppyboom.com.br\/loja\/beneficios-tecnologias\/\",\"name\":\"Tecnologias - Puppy Boom\",\"isPartOf\":{\"@id\":\"https:\/\/puppyboom.com.br\/loja\/#website\"},\"datePublished\":\"2018-12-22T12:37:14+00:00\",\"dateModified\":\"2019-09-12T12:47:20+00:00\",\"breadcrumb\":{\"@id\":\"https:\/\/puppyboom.com.br\/loja\/beneficios-tecnologias\/#breadcrumb\"},\"inLanguage\":\"pt-BR\",\"potentialAction\":[{\"@type\":\"ReadAction\",\"target\":[\"https:\/\/puppyboom.com.br\/loja\/beneficios-tecnologias\/\"]}]},{\"@type\":\"BreadcrumbList\",\"@id\":\"https:\/\/puppyboom.com.br\/loja\/beneficios-tecnologias\/#breadcrumb\",\"itemListElement\":[{\"@type\":\"ListItem\",\"position\":1,\"name\":\"In\u00edcio\",\"item\":\"https:\/\/puppyboom.com.br\/loja\/\"},{\"@type\":\"ListItem\",\"position\":2,\"name\":\"Tecnologias\"}]},{\"@type\":\"WebSite\",\"@id\":\"https:\/\/puppyboom.com.br\/loja\/#website\",\"url\":\"https:\/\/puppyboom.com.br\/loja\/\",\"name\":\"Puppy Boom\",\"description\":\"Caminhas, Colchonetes e Futons para PET e Voc\u00ea (Terap\u00eauticos e Ortop\u00e9dicos)\",\"publisher\":{\"@id\":\"https:\/\/puppyboom.com.br\/loja\/#organization\"},\"potentialAction\":[{\"@type\":\"SearchAction\",\"target\":{\"@type\":\"EntryPoint\",\"urlTemplate\":\"https:\/\/puppyboom.com.br\/loja\/?s={search_term_string}\"},\"query-input\":\"required name=search_term_string\"}],\"inLanguage\":\"pt-BR\"},{\"@type\":\"Organization\",\"@id\":\"https:\/\/puppyboom.com.br\/loja\/#organization\",\"name\":\"Puppy Boom\",\"url\":\"https:\/\/puppyboom.com.br\/loja\/\",\"logo\":{\"@type\":\"ImageObject\",\"inLanguage\":\"pt-BR\",\"@id\":\"https:\/\/puppyboom.com.br\/loja\/#\/schema\/logo\/image\/\",\"url\":\"https:\/\/puppyboom.com.br\/loja\/wp-content\/uploads\/2019\/01\/logo-boleto.png\",\"contentUrl\":\"https:\/\/puppyboom.com.br\/loja\/wp-content\/uploads\/2019\/01\/logo-boleto.png\",\"width\":145,\"height\":44,\"caption\":\"Puppy Boom\"},\"image\":{\"@id\":\"https:\/\/puppyboom.com.br\/loja\/#\/schema\/logo\/image\/\"},\"sameAs\":[\"https:\/\/www.facebook.com\/puppyboomoficial\/\",\"https:\/\/www.instagram.com\/puppyboomoficial\/\"]}]}<\/script>\n<!-- \/ Yoast SEO plugin. -->","yoast_head_json":{"title":"Tecnologias - Puppy Boom","robots":{"index":"index","follow":"follow","max-snippet":"max-snippet:-1","max-image-preview":"max-image-preview:large","max-video-preview":"max-video-preview:-1"},"canonical":"https:\/\/puppyboom.com.br\/loja\/beneficios-tecnologias\/","og_locale":"pt_BR","og_type":"article","og_title":"Tecnologias - Puppy Boom","og_url":"https:\/\/puppyboom.com.br\/loja\/beneficios-tecnologias\/","og_site_name":"Puppy Boom","article_publisher":"https:\/\/www.facebook.com\/puppyboomoficial\/","article_modified_time":"2019-09-12T12:47:20+00:00","twitter_card":"summary_large_image","twitter_misc":{"Est. tempo de leitura":"1 minuto"},"schema":{"@context":"https:\/\/schema.org","@graph":[{"@type":"WebPage","@id":"https:\/\/puppyboom.com.br\/loja\/beneficios-tecnologias\/","url":"https:\/\/puppyboom.com.br\/loja\/beneficios-tecnologias\/","name":"Tecnologias - Puppy Boom","isPartOf":{"@id":"https:\/\/puppyboom.com.br\/loja\/#website"},"datePublished":"2018-12-22T12:37:14+00:00","dateModified":"2019-09-12T12:47:20+00:00","breadcrumb":{"@id":"https:\/\/puppyboom.com.br\/loja\/beneficios-tecnologias\/#breadcrumb"},"inLanguage":"pt-BR","potentialAction":[{"@type":"ReadAction","target":["https:\/\/puppyboom.com.br\/loja\/beneficios-tecnologias\/"]}]},{"@type":"BreadcrumbList","@id":"https:\/\/puppyboom.com.br\/loja\/beneficios-tecnologias\/#breadcrumb","itemListElement":[{"@type":"ListItem","position":1,"name":"In\u00edcio","item":"https:\/\/puppyboom.com.br\/loja\/"},{"@type":"ListItem","position":2,"name":"Tecnologias"}]},{"@type":"WebSite","@id":"https:\/\/puppyboom.com.br\/loja\/#website","url":"https:\/\/puppyboom.com.br\/loja\/","name":"Puppy Boom","description":"Caminhas, Colchonetes e Futons para PET e Voc\u00ea (Terap\u00eauticos e Ortop\u00e9dicos)","publisher":{"@id":"https:\/\/puppyboom.com.br\/loja\/#organization"},"potentialAction":[{"@type":"SearchAction","target":{"@type":"EntryPoint","urlTemplate":"https:\/\/puppyboom.com.br\/loja\/?s={search_term_string}"},"query-input":"required name=search_term_string"}],"inLanguage":"pt-BR"},{"@type":"Organization","@id":"https:\/\/puppyboom.com.br\/loja\/#organization","name":"Puppy Boom","url":"https:\/\/puppyboom.com.br\/loja\/","logo":{"@type":"ImageObject","inLanguage":"pt-BR","@id":"https:\/\/puppyboom.com.br\/loja\/#\/schema\/logo\/image\/","url":"https:\/\/puppyboom.com.br\/loja\/wp-content\/uploads\/2019\/01\/logo-boleto.png","contentUrl":"https:\/\/puppyboom.com.br\/loja\/wp-content\/uploads\/2019\/01\/logo-boleto.png","width":145,"height":44,"caption":"Puppy Boom"},"image":{"@id":"https:\/\/puppyboom.com.br\/loja\/#\/schema\/logo\/image\/"},"sameAs":["https:\/\/www.facebook.com\/puppyboomoficial\/","https:\/\/www.instagram.com\/puppyboomoficial\/"]}]}},"_links":{"self":[{"href":"https:\/\/puppyboom.com.br\/loja\/wp-json\/wp\/v2\/pages\/17980"}],"collection":[{"href":"https:\/\/puppyboom.com.br\/loja\/wp-json\/wp\/v2\/pages"}],"about":[{"href":"https:\/\/puppyboom.com.br\/loja\/wp-json\/wp\/v2\/types\/page"}],"author":[{"embeddable":true,"href":"https:\/\/puppyboom.com.br\/loja\/wp-json\/wp\/v2\/users\/5"}],"replies":[{"embeddable":true,"href":"https:\/\/puppyboom.com.br\/loja\/wp-json\/wp\/v2\/comments?post=17980"}],"version-history":[{"count":11,"href":"https:\/\/puppyboom.com.br\/loja\/wp-json\/wp\/v2\/pages\/17980\/revisions"}],"predecessor-version":[{"id":18639,"href":"https:\/\/puppyboom.com.br\/loja\/wp-json\/wp\/v2\/pages\/17980\/revisions\/18639"}],"wp:attachment":[{"href":"https:\/\/puppyboom.com.br\/loja\/wp-json\/wp\/v2\/media?parent=17980"}],"curies":[{"name":"wp","href":"https:\/\/api.w.org\/{rel}","templated":true}]}}