{"id":17998,"date":"2018-12-22T11:50:33","date_gmt":"2018-12-22T13:50:33","guid":{"rendered":"http:\/\/puppyboom.com.br\/loja\/?page_id=17998"},"modified":"2019-09-10T16:44:04","modified_gmt":"2019-09-10T19:44:04","slug":"beneficios-espuma-ortopedica","status":"publish","type":"page","link":"https:\/\/puppyboom.com.br\/loja\/beneficios-espuma-ortopedica\/","title":{"rendered":"Espuma Ortop\u00e9dica"},"content":{"rendered":"\n\n  <div class=\"banner has-hover has-parallax\" id=\"banner-1457830556\">\n          <div class=\"banner-inner fill\">\n        <div class=\"banner-bg fill\" data-parallax=\"-3\" data-parallax-container=\".banner\" data-parallax-background>\n            <div class=\"bg fill bg-fill bg-loaded\"><\/div>\n                        <div class=\"overlay\"><\/div>            \n                    <\/div>\n\t\t\n        <div class=\"banner-layers container\">\n            <div class=\"fill banner-link\"><\/div>            \n\n   <div id=\"text-box-247430508\" class=\"text-box banner-layer x50 md-x50 lg-x50 y100 md-y75 lg-y75 res-text\">\n                                <div class=\"text-box-content text dark\">\n              \n              <div class=\"text-inner text-center\">\n                  \n\n<h1 class=\"lead\">ESPUMA ORTOP\u00c9DICA\/ ANTIBACT\u00c9RIAS E ANTIMOFO<\/h1>\n\n              <\/div>\n           <\/div>\n                            \n<style>\n#text-box-247430508 {\n  width: 80%;\n}\n#text-box-247430508 .text-box-content {\n  font-size: 100%;\n}\n<\/style>\n    <\/div>\n \n\n        <\/div>\n      <\/div>\n\n            \n<style>\n#banner-1457830556 {\n  padding-top: 400px;\n}\n#banner-1457830556 .bg.bg-loaded {\n  background-image: url(https:\/\/puppyboom.com.br\/loja\/wp-content\/uploads\/2018\/06\/slide-sobre.jpg);\n}\n#banner-1457830556 .overlay {\n  background-color: rgba(0, 0, 0, 0.7);\n}\n#banner-1457830556 .bg {\n  background-position: 66% 92%;\n}\n@media (min-width:550px) {\n  #banner-1457830556 {\n    padding-top: 507px;\n  }\n  #banner-1457830556 .overlay {\n    background-color: rgba(0, 0, 0, 0.6);\n  }\n}\n<\/style>\n  <\/div>\n\n\n<div class=\"row\"  id=\"row-1306517447\">\n\n\n\t<div id=\"col-841130337\" class=\"col small-12 large-12\"  >\n\t\t\t\t<div class=\"col-inner\"  >\n\t\t\t\n\t\t\t\n\n<p class=\"lead\"><strong>ESPUMA ORTOP\u00c9DICA<\/strong><\/p>\n<p class=\"lead\">CUIDAMOS DE VOC\u00ca E DO SEU MELHOR AMIGO COM ESPUMA ORTOP\u00c9DICA,  QUE EST\u00c1 DENTRO DAS NORMAS DE QUALIDADE DO MERCADO BRASILEIRO.<\/p>\n\t<div class=\"img has-hover x md-x lg-x y md-y lg-y\" id=\"image_1769663766\">\n\t\t\t\t\t\t\t\t<div class=\"img-inner dark\" >\n\t\t\t<img loading=\"lazy\" decoding=\"async\" width=\"800\" height=\"581\" src=\"https:\/\/puppyboom.com.br\/loja\/wp-content\/uploads\/2018\/12\/Rabatan-page.jpg\" class=\"attachment-large size-large\" alt=\"\" srcset=\"https:\/\/puppyboom.com.br\/loja\/wp-content\/uploads\/2018\/12\/Rabatan-page.jpg 800w, https:\/\/puppyboom.com.br\/loja\/wp-content\/uploads\/2018\/12\/Rabatan-page-551x400.jpg 551w, https:\/\/puppyboom.com.br\/loja\/wp-content\/uploads\/2018\/12\/Rabatan-page-768x558.jpg 768w, https:\/\/puppyboom.com.br\/loja\/wp-content\/uploads\/2018\/12\/Rabatan-page-510x370.jpg 510w\" sizes=\"(max-width: 800px) 100vw, 800px\" \/>\t\t\t\t\t\t\n\t\t\t\t\t<\/div>\n\t\t\t\t\t\t\t\t\n<style>\n#image_1769663766 {\n  width: 100%;\n}\n<\/style>\n\t<\/div>\n\t\n\n<div class=\"text-center\"><div class=\"is-divider divider clearfix\" ><\/div><\/div>\n\n\n\t\t<\/div>\n\t\t\t\t\t<\/div>\n\n\t\n\n\t<div id=\"col-1723739715\" class=\"col small-12 large-12\"  >\n\t\t\t\t<div class=\"col-inner\"  >\n\t\t\t\n\t\t\t\n\n<h2>Al\u00e9m de ser ORTOP\u00c9DICA, ela tamb\u00e9m \u00e9 ANTIBACT\u00c9RIAS e ANTIMOFO que auxilia:<\/h2>\n<ul class=\"lista-valores\">\n<li class=\"bullet-checkmark\">Relaxamento muscular e nervos;<\/li>\n<li class=\"bullet-checkmark\">Desconcentra\u00e7\u00e3o de gorduras;<\/li>\n<li class=\"bullet-checkmark\">Ativa\u00e7\u00e3o da circula\u00e7\u00e3o sangu\u00ednea;<\/li>\n<\/ul>\n<p class=\"lead\"><strong>A densidade chega de 110 \u00e0 130, densidade equalisada para suportar o peso corporal em diferentes formatos.<\/strong><\/p>\n<p class=\"lead\"><strong><i>Com testes comprovados dentro dos padr\u00f5es ortop\u00e9dicos para o estiramento correto da coluna sem perder o conforto.<\/i><\/strong><\/p>\n<p class=\"lead\">Os pontos em alto relevo proporcionam uma AUTOMASSAGEM RELAXANTE do tipo do in  que faz ter a sensa\u00e7\u00e3o de centenas de pontos massageando o corpo.<\/p>\n<p class=\"lead\">Extremamente dur\u00e1vel nos testes de resist\u00eancia faz dessa espuma um produto incompar\u00e1vel, mant\u00eam a firmeza adequada ao mesmo tempo que amortece e distribui suavemente o peso do corpo.<\/p>\n<p class=\"lead\">No baixo relevo do perfilado est\u00e3o pequenas cavidades, onde aplicamos as pastilhas de Infravermelho Longo (com a\u00e7\u00e3o antimicrobiana) e pastilhas de magnetos (\u00cdm\u00e3) proporcionando melhores resultados.<\/p>\n<p class=\"lead\">Gra\u00e7as \u00e0 sua superf\u00edcie facilita a evapora\u00e7\u00e3o da transpira\u00e7\u00e3o evitando a prolifera\u00e7\u00e3o de fungos e bact\u00e9rias (al\u00e9m do tratamento antibact\u00e9ria que a espuma j\u00e1 recebe), e por ser porosa ajuda a ter uma boa ventila\u00e7\u00e3o permitindo com que o corpo respire mais durante o sono diminuindo a transpira\u00e7\u00e3o e facilitando sua evapora\u00e7\u00e3o colaborando para o melhor funcionamento do sistema respirat\u00f3rio tendo o colchonete higienizado e livre de bact\u00e9rias.<\/p>\n<p class=\"lead\">Suas bolhas est\u00e3o interligadas sucessivamente o que permite uma maior circula\u00e7\u00e3o de ar entre o colchonete e o corpo, beneficiando a respira\u00e7\u00e3o da pele, mais oxig\u00eanio e menos calor e extremamente imperme\u00e1vel \u00e9 capaz de absorver e eliminar aproximadamente um copo de l\u00edquido.<\/p>\n<p class=\"lead\"><strong>Espuma Ortop\u00e9dica Antibact\u00e9rias e Antimofo est\u00e1 presente na linha Pet (Puppy Boom) nos Colchonetes Ortop\u00e9dicos Terap\u00eauticos e na linha People (Puppy Boom People) nos Colchonetes Ortop\u00e9dicos Terap\u00eauticos Kids.<\/strong><\/p>\n<p class=\"lead\"><strong>Puppy Boom &amp; Puppy Boom People produtos altamente tecnol\u00f3gicos e diferenciados!!!<\/strong><\/p>\n\n\t\t<\/div>\n\t\t\t\t\t<\/div>\n\n\t\n\n<\/div>\n","protected":false},"excerpt":{"rendered":"","protected":false},"author":5,"featured_media":0,"parent":0,"menu_order":0,"comment_status":"closed","ping_status":"closed","template":"page-transparent-header-light.php","meta":{"footnotes":""},"yoast_head":"<!-- This site is optimized with the Yoast SEO plugin v21.5 - https:\/\/yoast.com\/wordpress\/plugins\/seo\/ -->\n<title>Espuma Ortop\u00e9dica - Puppy Boom<\/title>\n<meta name=\"robots\" content=\"index, follow, max-snippet:-1, max-image-preview:large, max-video-preview:-1\" \/>\n<link rel=\"canonical\" href=\"https:\/\/puppyboom.com.br\/loja\/beneficios-espuma-ortopedica\/\" \/>\n<meta property=\"og:locale\" content=\"pt_BR\" \/>\n<meta property=\"og:type\" content=\"article\" \/>\n<meta property=\"og:title\" content=\"Espuma Ortop\u00e9dica - Puppy Boom\" \/>\n<meta property=\"og:url\" content=\"https:\/\/puppyboom.com.br\/loja\/beneficios-espuma-ortopedica\/\" \/>\n<meta property=\"og:site_name\" content=\"Puppy Boom\" \/>\n<meta property=\"article:publisher\" content=\"https:\/\/www.facebook.com\/puppyboomoficial\/\" \/>\n<meta property=\"article:modified_time\" content=\"2019-09-10T19:44:04+00:00\" \/>\n<meta name=\"twitter:card\" content=\"summary_large_image\" \/>\n<meta name=\"twitter:label1\" content=\"Est. tempo de leitura\" \/>\n\t<meta name=\"twitter:data1\" content=\"2 minutos\" \/>\n<script type=\"application\/ld+json\" class=\"yoast-schema-graph\">{\"@context\":\"https:\/\/schema.org\",\"@graph\":[{\"@type\":\"WebPage\",\"@id\":\"https:\/\/puppyboom.com.br\/loja\/beneficios-espuma-ortopedica\/\",\"url\":\"https:\/\/puppyboom.com.br\/loja\/beneficios-espuma-ortopedica\/\",\"name\":\"Espuma Ortop\u00e9dica - Puppy Boom\",\"isPartOf\":{\"@id\":\"https:\/\/puppyboom.com.br\/loja\/#website\"},\"datePublished\":\"2018-12-22T13:50:33+00:00\",\"dateModified\":\"2019-09-10T19:44:04+00:00\",\"breadcrumb\":{\"@id\":\"https:\/\/puppyboom.com.br\/loja\/beneficios-espuma-ortopedica\/#breadcrumb\"},\"inLanguage\":\"pt-BR\",\"potentialAction\":[{\"@type\":\"ReadAction\",\"target\":[\"https:\/\/puppyboom.com.br\/loja\/beneficios-espuma-ortopedica\/\"]}]},{\"@type\":\"BreadcrumbList\",\"@id\":\"https:\/\/puppyboom.com.br\/loja\/beneficios-espuma-ortopedica\/#breadcrumb\",\"itemListElement\":[{\"@type\":\"ListItem\",\"position\":1,\"name\":\"In\u00edcio\",\"item\":\"https:\/\/puppyboom.com.br\/loja\/\"},{\"@type\":\"ListItem\",\"position\":2,\"name\":\"Espuma Ortop\u00e9dica\"}]},{\"@type\":\"WebSite\",\"@id\":\"https:\/\/puppyboom.com.br\/loja\/#website\",\"url\":\"https:\/\/puppyboom.com.br\/loja\/\",\"name\":\"Puppy Boom\",\"description\":\"Caminhas, Colchonetes e Futons para PET e Voc\u00ea (Terap\u00eauticos e Ortop\u00e9dicos)\",\"publisher\":{\"@id\":\"https:\/\/puppyboom.com.br\/loja\/#organization\"},\"potentialAction\":[{\"@type\":\"SearchAction\",\"target\":{\"@type\":\"EntryPoint\",\"urlTemplate\":\"https:\/\/puppyboom.com.br\/loja\/?s={search_term_string}\"},\"query-input\":\"required name=search_term_string\"}],\"inLanguage\":\"pt-BR\"},{\"@type\":\"Organization\",\"@id\":\"https:\/\/puppyboom.com.br\/loja\/#organization\",\"name\":\"Puppy Boom\",\"url\":\"https:\/\/puppyboom.com.br\/loja\/\",\"logo\":{\"@type\":\"ImageObject\",\"inLanguage\":\"pt-BR\",\"@id\":\"https:\/\/puppyboom.com.br\/loja\/#\/schema\/logo\/image\/\",\"url\":\"https:\/\/puppyboom.com.br\/loja\/wp-content\/uploads\/2019\/01\/logo-boleto.png\",\"contentUrl\":\"https:\/\/puppyboom.com.br\/loja\/wp-content\/uploads\/2019\/01\/logo-boleto.png\",\"width\":145,\"height\":44,\"caption\":\"Puppy Boom\"},\"image\":{\"@id\":\"https:\/\/puppyboom.com.br\/loja\/#\/schema\/logo\/image\/\"},\"sameAs\":[\"https:\/\/www.facebook.com\/puppyboomoficial\/\",\"https:\/\/www.instagram.com\/puppyboomoficial\/\"]}]}<\/script>\n<!-- \/ Yoast SEO plugin. -->","yoast_head_json":{"title":"Espuma Ortop\u00e9dica - Puppy Boom","robots":{"index":"index","follow":"follow","max-snippet":"max-snippet:-1","max-image-preview":"max-image-preview:large","max-video-preview":"max-video-preview:-1"},"canonical":"https:\/\/puppyboom.com.br\/loja\/beneficios-espuma-ortopedica\/","og_locale":"pt_BR","og_type":"article","og_title":"Espuma Ortop\u00e9dica - Puppy Boom","og_url":"https:\/\/puppyboom.com.br\/loja\/beneficios-espuma-ortopedica\/","og_site_name":"Puppy Boom","article_publisher":"https:\/\/www.facebook.com\/puppyboomoficial\/","article_modified_time":"2019-09-10T19:44:04+00:00","twitter_card":"summary_large_image","twitter_misc":{"Est. tempo de leitura":"2 minutos"},"schema":{"@context":"https:\/\/schema.org","@graph":[{"@type":"WebPage","@id":"https:\/\/puppyboom.com.br\/loja\/beneficios-espuma-ortopedica\/","url":"https:\/\/puppyboom.com.br\/loja\/beneficios-espuma-ortopedica\/","name":"Espuma Ortop\u00e9dica - Puppy Boom","isPartOf":{"@id":"https:\/\/puppyboom.com.br\/loja\/#website"},"datePublished":"2018-12-22T13:50:33+00:00","dateModified":"2019-09-10T19:44:04+00:00","breadcrumb":{"@id":"https:\/\/puppyboom.com.br\/loja\/beneficios-espuma-ortopedica\/#breadcrumb"},"inLanguage":"pt-BR","potentialAction":[{"@type":"ReadAction","target":["https:\/\/puppyboom.com.br\/loja\/beneficios-espuma-ortopedica\/"]}]},{"@type":"BreadcrumbList","@id":"https:\/\/puppyboom.com.br\/loja\/beneficios-espuma-ortopedica\/#breadcrumb","itemListElement":[{"@type":"ListItem","position":1,"name":"In\u00edcio","item":"https:\/\/puppyboom.com.br\/loja\/"},{"@type":"ListItem","position":2,"name":"Espuma Ortop\u00e9dica"}]},{"@type":"WebSite","@id":"https:\/\/puppyboom.com.br\/loja\/#website","url":"https:\/\/puppyboom.com.br\/loja\/","name":"Puppy Boom","description":"Caminhas, Colchonetes e Futons para PET e Voc\u00ea (Terap\u00eauticos e Ortop\u00e9dicos)","publisher":{"@id":"https:\/\/puppyboom.com.br\/loja\/#organization"},"potentialAction":[{"@type":"SearchAction","target":{"@type":"EntryPoint","urlTemplate":"https:\/\/puppyboom.com.br\/loja\/?s={search_term_string}"},"query-input":"required name=search_term_string"}],"inLanguage":"pt-BR"},{"@type":"Organization","@id":"https:\/\/puppyboom.com.br\/loja\/#organization","name":"Puppy Boom","url":"https:\/\/puppyboom.com.br\/loja\/","logo":{"@type":"ImageObject","inLanguage":"pt-BR","@id":"https:\/\/puppyboom.com.br\/loja\/#\/schema\/logo\/image\/","url":"https:\/\/puppyboom.com.br\/loja\/wp-content\/uploads\/2019\/01\/logo-boleto.png","contentUrl":"https:\/\/puppyboom.com.br\/loja\/wp-content\/uploads\/2019\/01\/logo-boleto.png","width":145,"height":44,"caption":"Puppy Boom"},"image":{"@id":"https:\/\/puppyboom.com.br\/loja\/#\/schema\/logo\/image\/"},"sameAs":["https:\/\/www.facebook.com\/puppyboomoficial\/","https:\/\/www.instagram.com\/puppyboomoficial\/"]}]}},"_links":{"self":[{"href":"https:\/\/puppyboom.com.br\/loja\/wp-json\/wp\/v2\/pages\/17998"}],"collection":[{"href":"https:\/\/puppyboom.com.br\/loja\/wp-json\/wp\/v2\/pages"}],"about":[{"href":"https:\/\/puppyboom.com.br\/loja\/wp-json\/wp\/v2\/types\/page"}],"author":[{"embeddable":true,"href":"https:\/\/puppyboom.com.br\/loja\/wp-json\/wp\/v2\/users\/5"}],"replies":[{"embeddable":true,"href":"https:\/\/puppyboom.com.br\/loja\/wp-json\/wp\/v2\/comments?post=17998"}],"version-history":[{"count":3,"href":"https:\/\/puppyboom.com.br\/loja\/wp-json\/wp\/v2\/pages\/17998\/revisions"}],"predecessor-version":[{"id":18629,"href":"https:\/\/puppyboom.com.br\/loja\/wp-json\/wp\/v2\/pages\/17998\/revisions\/18629"}],"wp:attachment":[{"href":"https:\/\/puppyboom.com.br\/loja\/wp-json\/wp\/v2\/media?parent=17998"}],"curies":[{"name":"wp","href":"https:\/\/api.w.org\/{rel}","templated":true}]}}