{"id":18002,"date":"2018-12-22T14:40:28","date_gmt":"2018-12-22T16:40:28","guid":{"rendered":"http:\/\/puppyboom.com.br\/loja\/?page_id=18002"},"modified":"2018-12-22T15:26:03","modified_gmt":"2018-12-22T17:26:03","slug":"tecidos","status":"publish","type":"page","link":"https:\/\/puppyboom.com.br\/loja\/tecidos\/","title":{"rendered":"Acqua Block"},"content":{"rendered":"\n  <div class=\"banner has-hover has-parallax\" id=\"banner-69067028\">\n          <div class=\"banner-inner fill\">\n        <div class=\"banner-bg fill\" data-parallax=\"-3\" data-parallax-container=\".banner\" data-parallax-background>\n            <div class=\"bg fill bg-fill bg-loaded\"><\/div>\n                        <div class=\"overlay\"><\/div>            \n                    <\/div>\n\t\t\n        <div class=\"banner-layers container\">\n            <div class=\"fill banner-link\"><\/div>            \n   <div id=\"text-box-2069008478\" class=\"text-box banner-layer x50 md-x50 lg-x50 y100 md-y75 lg-y75 res-text\">\n                                <div class=\"text-box-content text dark\">\n              \n              <div class=\"text-inner text-center\">\n                  \n<h1 class=\"lead\">ACQUA BLOCK<\/h1>\n              <\/div>\n           <\/div>\n                            \n<style>\n#text-box-2069008478 {\n  width: 80%;\n}\n#text-box-2069008478 .text-box-content {\n  font-size: 100%;\n}\n<\/style>\n    <\/div>\n \n        <\/div>\n      <\/div>\n\n            \n<style>\n#banner-69067028 {\n  padding-top: 400px;\n}\n#banner-69067028 .bg.bg-loaded {\n  background-image: url(https:\/\/puppyboom.com.br\/loja\/wp-content\/uploads\/2018\/06\/slide-sobre.jpg);\n}\n#banner-69067028 .overlay {\n  background-color: rgba(0, 0, 0, 0.7);\n}\n#banner-69067028 .bg {\n  background-position: 66% 92%;\n}\n@media (min-width:550px) {\n  #banner-69067028 {\n    padding-top: 507px;\n  }\n  #banner-69067028 .overlay {\n    background-color: rgba(0, 0, 0, 0.6);\n  }\n}\n<\/style>\n  <\/div>\n\n\n<div class=\"row\"  id=\"row-1247137385\">\n\n\t<div id=\"col-1585308506\" class=\"col small-12 large-12\"  >\n\t\t\t\t<div class=\"col-inner\"  >\n\t\t\t\n\t\t\t\n<p class=\"lead text-center\"><strong>ACQUABLOCK \u00c9 INTELIGENTE (ANTIMANCHAS e ANTIFUNGOS)<\/strong><\/p>\n<p class=\"lead text-center\">Puppy Boom &amp; Puppy Boom People\u2026 Inova\u00e7\u00e3o e Design em sintonia com a Tecnologia!!!<\/p>\n<p class=\"lead text-center\"><strong><img loading=\"lazy\" decoding=\"async\" class=\"alignnone size-medium wp-image-18004 aligncenter\" src=\"http:\/\/puppyboom.com.br\/loja\/wp-content\/uploads\/2018\/12\/Acquablock-com-fundo-359x400.png\" alt=\"\" width=\"359\" height=\"400\" srcset=\"https:\/\/puppyboom.com.br\/loja\/wp-content\/uploads\/2018\/12\/Acquablock-com-fundo-359x400.png 359w, https:\/\/puppyboom.com.br\/loja\/wp-content\/uploads\/2018\/12\/Acquablock-com-fundo-510x568.png 510w, https:\/\/puppyboom.com.br\/loja\/wp-content\/uploads\/2018\/12\/Acquablock-com-fundo.png 548w\" sizes=\"(max-width: 359px) 100vw, 359px\" \/><\/strong><\/p>\n<div class=\"text-center\"><div class=\"is-divider divider clearfix\" ><\/div><\/div>\n\t\t<\/div>\n\t\t\t\t\t<\/div>\n\n\t\n\n\t<div id=\"col-507745148\" class=\"col small-12 large-12\"  >\n\t\t\t\t<div class=\"col-inner\"  >\n\t\t\t\n\t\t\t\n<h2>CONFIRA TODAS AS VANTAGENS:<\/h2>\n<ul class=\"lista-valores\">\n<li class=\"bullet-checkmark\">IMPERME\u00c1VEL: os tecidos Acquablock s\u00e3o desenvolvidos a partir de fibras especiais, envolvidas por resina altamente resistente, evitando que o contato com l\u00edquidos ou poeiras danifiquem o produto.<\/li>\n<li class=\"bullet-checkmark\">MACIO E AGRAD\u00c1VEL: o tratamento exclusivo que o tecido Acquablock recebe garante ainda o arejamento entre os fios, ou seja, a pe\u00e7a n\u00e3o tem efeito \u201cplastificado\u201d, mas sim, um toque macio e agrad\u00e1vel;<\/li>\n<li class=\"bullet-checkmark\">LIVRE DA FORMA\u00c7\u00c3O DE FUNGOS: com a composi\u00e7\u00e3o especial Acquablock, fungos n\u00e3o encontram ambiente para se desenvolver.<\/li>\n<li class=\"bullet-checkmark\">SEM MANCHAS OLEOSAS OU L\u00cdQUIDAS: a tecnologia Acquablock facilita o processo de limpeza e manuten\u00e7\u00e3o, pois evita o ac\u00famulo de l\u00edquidos que ocasionam manchas.<\/li>\n<li class=\"bullet-checkmark\">DUR\u00c1VEL, SEM ESGAR\u00c7AMENTO (tecido resistente): a estrutura de alta resist\u00eancia dos fios Acquablock foi pensada para evitar desgastes nos tecidos, assim eles n\u00e3o perdem a flexibilidade natural e n\u00e3o esgar\u00e7am.<\/li>\n<li class=\"bullet-checkmark\">PROTE\u00c7\u00c3O PARA RAIOS SOLARES (cores vivas, alegres e vibrantes): a prote\u00e7\u00e3o especial Acquablock \u00e9 muito mais resistente \u00e0 a\u00e7\u00e3o do sol nos tecidos, mantendo suas cores com aspecto de novas por muito mais tempo.<\/li>\n<li class=\"bullet-checkmark\">O FIM DAS RACHADURAS: com o acabamento Acquablock, os tecidos mant\u00eam suas propriedades por muito mais tempo, j\u00e1 que o processo \u00e9 feito diretamente nas fibras, otimizando os resultados da apar\u00eancia e sua durabilidade.<\/li>\n<li class=\"bullet-checkmark\">RESPEITO \u00c0 NATUREZA: os tecidos Acquablock s\u00e3o produzidos com tecnologia ecologicamente correta, pois em seu processo de fabrica\u00e7\u00e3o, s\u00e3o utilizadas apenas solu\u00e7\u00f5es que n\u00e3o agridem o meio ambiente.<\/li>\n<\/ul>\n<p class=\"lead\"><img loading=\"lazy\" decoding=\"async\" class=\"size-full wp-image-18014 alignright\" src=\"http:\/\/puppyboom.com.br\/loja\/wp-content\/uploads\/2018\/12\/logo-acquablockAA.png\" alt=\"\" width=\"212\" height=\"213\" srcset=\"https:\/\/puppyboom.com.br\/loja\/wp-content\/uploads\/2018\/12\/logo-acquablockAA.png 212w, https:\/\/puppyboom.com.br\/loja\/wp-content\/uploads\/2018\/12\/logo-acquablockAA-200x200.png 200w, https:\/\/puppyboom.com.br\/loja\/wp-content\/uploads\/2018\/12\/logo-acquablockAA-100x100.png 100w\" sizes=\"(max-width: 212px) 100vw, 212px\" \/>O Acquablock \u00e9 um tecido inteligente, projetado a partir dos conceitos da Biomim\u00e9tica. Possui diversas caracter\u00edsticas e diferenciais tecnol\u00f3gicos.<\/p>\n<p class=\"lead\"><strong>Composi\u00e7\u00e3o: 72% algod\u00e3o e 28% poli\u00e9ster;<\/strong><\/p>\n<p class=\"lead\">Tecnologia presente em toda linha Acquablock!!!<\/p>\n<p class=\"lead\">Linha ID. Decor tecido com tratamento repelente \u00e0 l\u00edquidos!!!<\/p>\n<p class=\"lead\"><strong>Puppy Boom &amp; Puppy Boom People produtos altamente tecnol\u00f3gicos e diferenciados!!!<\/strong><\/p>\n\t\t<\/div>\n\t\t\t\t\t<\/div>\n\n\t\n<\/div>\n","protected":false},"excerpt":{"rendered":"","protected":false},"author":5,"featured_media":0,"parent":0,"menu_order":0,"comment_status":"closed","ping_status":"closed","template":"page-transparent-header-light.php","meta":{"footnotes":""},"yoast_head":"<!-- This site is optimized with the Yoast SEO plugin v21.5 - https:\/\/yoast.com\/wordpress\/plugins\/seo\/ -->\n<title>Acqua Block - Puppy Boom<\/title>\n<meta name=\"robots\" content=\"index, follow, max-snippet:-1, max-image-preview:large, max-video-preview:-1\" \/>\n<link rel=\"canonical\" href=\"https:\/\/puppyboom.com.br\/loja\/tecidos\/\" \/>\n<meta property=\"og:locale\" content=\"pt_BR\" \/>\n<meta property=\"og:type\" content=\"article\" \/>\n<meta property=\"og:title\" content=\"Acqua Block - Puppy Boom\" \/>\n<meta property=\"og:url\" content=\"https:\/\/puppyboom.com.br\/loja\/tecidos\/\" \/>\n<meta property=\"og:site_name\" content=\"Puppy Boom\" \/>\n<meta property=\"article:publisher\" content=\"https:\/\/www.facebook.com\/puppyboomoficial\/\" \/>\n<meta property=\"article:modified_time\" content=\"2018-12-22T17:26:03+00:00\" \/>\n<meta property=\"og:image\" content=\"http:\/\/puppyboom.com.br\/loja\/wp-content\/uploads\/2018\/12\/Acquablock-com-fundo-359x400.png\" \/>\n<meta name=\"twitter:card\" content=\"summary_large_image\" \/>\n<meta name=\"twitter:label1\" content=\"Est. tempo de leitura\" \/>\n\t<meta name=\"twitter:data1\" content=\"2 minutos\" \/>\n<script type=\"application\/ld+json\" class=\"yoast-schema-graph\">{\"@context\":\"https:\/\/schema.org\",\"@graph\":[{\"@type\":\"WebPage\",\"@id\":\"https:\/\/puppyboom.com.br\/loja\/tecidos\/\",\"url\":\"https:\/\/puppyboom.com.br\/loja\/tecidos\/\",\"name\":\"Acqua Block - Puppy Boom\",\"isPartOf\":{\"@id\":\"https:\/\/puppyboom.com.br\/loja\/#website\"},\"datePublished\":\"2018-12-22T16:40:28+00:00\",\"dateModified\":\"2018-12-22T17:26:03+00:00\",\"breadcrumb\":{\"@id\":\"https:\/\/puppyboom.com.br\/loja\/tecidos\/#breadcrumb\"},\"inLanguage\":\"pt-BR\",\"potentialAction\":[{\"@type\":\"ReadAction\",\"target\":[\"https:\/\/puppyboom.com.br\/loja\/tecidos\/\"]}]},{\"@type\":\"BreadcrumbList\",\"@id\":\"https:\/\/puppyboom.com.br\/loja\/tecidos\/#breadcrumb\",\"itemListElement\":[{\"@type\":\"ListItem\",\"position\":1,\"name\":\"In\u00edcio\",\"item\":\"https:\/\/puppyboom.com.br\/loja\/\"},{\"@type\":\"ListItem\",\"position\":2,\"name\":\"Acqua Block\"}]},{\"@type\":\"WebSite\",\"@id\":\"https:\/\/puppyboom.com.br\/loja\/#website\",\"url\":\"https:\/\/puppyboom.com.br\/loja\/\",\"name\":\"Puppy Boom\",\"description\":\"Caminhas, Colchonetes e Futons para PET e Voc\u00ea (Terap\u00eauticos e Ortop\u00e9dicos)\",\"publisher\":{\"@id\":\"https:\/\/puppyboom.com.br\/loja\/#organization\"},\"potentialAction\":[{\"@type\":\"SearchAction\",\"target\":{\"@type\":\"EntryPoint\",\"urlTemplate\":\"https:\/\/puppyboom.com.br\/loja\/?s={search_term_string}\"},\"query-input\":\"required name=search_term_string\"}],\"inLanguage\":\"pt-BR\"},{\"@type\":\"Organization\",\"@id\":\"https:\/\/puppyboom.com.br\/loja\/#organization\",\"name\":\"Puppy Boom\",\"url\":\"https:\/\/puppyboom.com.br\/loja\/\",\"logo\":{\"@type\":\"ImageObject\",\"inLanguage\":\"pt-BR\",\"@id\":\"https:\/\/puppyboom.com.br\/loja\/#\/schema\/logo\/image\/\",\"url\":\"https:\/\/puppyboom.com.br\/loja\/wp-content\/uploads\/2019\/01\/logo-boleto.png\",\"contentUrl\":\"https:\/\/puppyboom.com.br\/loja\/wp-content\/uploads\/2019\/01\/logo-boleto.png\",\"width\":145,\"height\":44,\"caption\":\"Puppy Boom\"},\"image\":{\"@id\":\"https:\/\/puppyboom.com.br\/loja\/#\/schema\/logo\/image\/\"},\"sameAs\":[\"https:\/\/www.facebook.com\/puppyboomoficial\/\",\"https:\/\/www.instagram.com\/puppyboomoficial\/\"]}]}<\/script>\n<!-- \/ Yoast SEO plugin. -->","yoast_head_json":{"title":"Acqua Block - Puppy Boom","robots":{"index":"index","follow":"follow","max-snippet":"max-snippet:-1","max-image-preview":"max-image-preview:large","max-video-preview":"max-video-preview:-1"},"canonical":"https:\/\/puppyboom.com.br\/loja\/tecidos\/","og_locale":"pt_BR","og_type":"article","og_title":"Acqua Block - Puppy Boom","og_url":"https:\/\/puppyboom.com.br\/loja\/tecidos\/","og_site_name":"Puppy Boom","article_publisher":"https:\/\/www.facebook.com\/puppyboomoficial\/","article_modified_time":"2018-12-22T17:26:03+00:00","og_image":[{"url":"http:\/\/puppyboom.com.br\/loja\/wp-content\/uploads\/2018\/12\/Acquablock-com-fundo-359x400.png"}],"twitter_card":"summary_large_image","twitter_misc":{"Est. tempo de leitura":"2 minutos"},"schema":{"@context":"https:\/\/schema.org","@graph":[{"@type":"WebPage","@id":"https:\/\/puppyboom.com.br\/loja\/tecidos\/","url":"https:\/\/puppyboom.com.br\/loja\/tecidos\/","name":"Acqua Block - Puppy Boom","isPartOf":{"@id":"https:\/\/puppyboom.com.br\/loja\/#website"},"datePublished":"2018-12-22T16:40:28+00:00","dateModified":"2018-12-22T17:26:03+00:00","breadcrumb":{"@id":"https:\/\/puppyboom.com.br\/loja\/tecidos\/#breadcrumb"},"inLanguage":"pt-BR","potentialAction":[{"@type":"ReadAction","target":["https:\/\/puppyboom.com.br\/loja\/tecidos\/"]}]},{"@type":"BreadcrumbList","@id":"https:\/\/puppyboom.com.br\/loja\/tecidos\/#breadcrumb","itemListElement":[{"@type":"ListItem","position":1,"name":"In\u00edcio","item":"https:\/\/puppyboom.com.br\/loja\/"},{"@type":"ListItem","position":2,"name":"Acqua Block"}]},{"@type":"WebSite","@id":"https:\/\/puppyboom.com.br\/loja\/#website","url":"https:\/\/puppyboom.com.br\/loja\/","name":"Puppy Boom","description":"Caminhas, Colchonetes e Futons para PET e Voc\u00ea (Terap\u00eauticos e Ortop\u00e9dicos)","publisher":{"@id":"https:\/\/puppyboom.com.br\/loja\/#organization"},"potentialAction":[{"@type":"SearchAction","target":{"@type":"EntryPoint","urlTemplate":"https:\/\/puppyboom.com.br\/loja\/?s={search_term_string}"},"query-input":"required name=search_term_string"}],"inLanguage":"pt-BR"},{"@type":"Organization","@id":"https:\/\/puppyboom.com.br\/loja\/#organization","name":"Puppy Boom","url":"https:\/\/puppyboom.com.br\/loja\/","logo":{"@type":"ImageObject","inLanguage":"pt-BR","@id":"https:\/\/puppyboom.com.br\/loja\/#\/schema\/logo\/image\/","url":"https:\/\/puppyboom.com.br\/loja\/wp-content\/uploads\/2019\/01\/logo-boleto.png","contentUrl":"https:\/\/puppyboom.com.br\/loja\/wp-content\/uploads\/2019\/01\/logo-boleto.png","width":145,"height":44,"caption":"Puppy Boom"},"image":{"@id":"https:\/\/puppyboom.com.br\/loja\/#\/schema\/logo\/image\/"},"sameAs":["https:\/\/www.facebook.com\/puppyboomoficial\/","https:\/\/www.instagram.com\/puppyboomoficial\/"]}]}},"_links":{"self":[{"href":"https:\/\/puppyboom.com.br\/loja\/wp-json\/wp\/v2\/pages\/18002"}],"collection":[{"href":"https:\/\/puppyboom.com.br\/loja\/wp-json\/wp\/v2\/pages"}],"about":[{"href":"https:\/\/puppyboom.com.br\/loja\/wp-json\/wp\/v2\/types\/page"}],"author":[{"embeddable":true,"href":"https:\/\/puppyboom.com.br\/loja\/wp-json\/wp\/v2\/users\/5"}],"replies":[{"embeddable":true,"href":"https:\/\/puppyboom.com.br\/loja\/wp-json\/wp\/v2\/comments?post=18002"}],"version-history":[{"count":6,"href":"https:\/\/puppyboom.com.br\/loja\/wp-json\/wp\/v2\/pages\/18002\/revisions"}],"predecessor-version":[{"id":18015,"href":"https:\/\/puppyboom.com.br\/loja\/wp-json\/wp\/v2\/pages\/18002\/revisions\/18015"}],"wp:attachment":[{"href":"https:\/\/puppyboom.com.br\/loja\/wp-json\/wp\/v2\/media?parent=18002"}],"curies":[{"name":"wp","href":"https:\/\/api.w.org\/{rel}","templated":true}]}}