{"id":5049,"date":"2018-06-09T08:54:45","date_gmt":"2018-06-09T11:54:45","guid":{"rendered":"http:\/\/puppyboom.com.br\/loja\/?page_id=5049"},"modified":"2018-11-29T10:44:54","modified_gmt":"2018-11-29T12:44:54","slug":"lojista","status":"publish","type":"page","link":"https:\/\/puppyboom.com.br\/loja\/lojista\/","title":{"rendered":"Lojista"},"content":{"rendered":"\n  <div class=\"banner has-hover has-parallax\" id=\"banner-959567008\">\n          <div class=\"banner-inner fill\">\n        <div class=\"banner-bg fill\" data-parallax=\"-3\" data-parallax-container=\".banner\" data-parallax-background>\n            <div class=\"bg fill bg-fill bg-loaded\"><\/div>\n                        <div class=\"overlay\"><\/div>            \n                    <\/div>\n\t\t\n        <div class=\"banner-layers container\">\n            <div class=\"fill banner-link\"><\/div>            \n   <div id=\"text-box-749913441\" class=\"text-box banner-layer x50 md-x50 lg-x50 y100 md-y80 lg-y80 res-text\">\n                                <div class=\"text-box-content text dark\">\n              \n              <div class=\"text-inner text-center\">\n                  \n<h1 class=\"lead\">\u00c1rea do Lojista<\/h1>\n<p class=\"lead\">E ent\u00e3o, vamos fechar essa parceria?<br \/>\nPreencha o formul\u00e1rio abaixo.<\/p>\n              <\/div>\n           <\/div>\n                            \n<style>\n#text-box-749913441 {\n  width: 60%;\n}\n#text-box-749913441 .text-box-content {\n  font-size: 100%;\n}\n<\/style>\n    <\/div>\n \n        <\/div>\n      <\/div>\n\n            \n<style>\n#banner-959567008 {\n  padding-top: 300px;\n}\n#banner-959567008 .bg.bg-loaded {\n  background-image: url(https:\/\/puppyboom.com.br\/loja\/wp-content\/uploads\/2018\/06\/slide-historia.jpg);\n}\n#banner-959567008 .overlay {\n  background-color: rgba(0, 0, 0, 0.6);\n}\n#banner-959567008 .bg {\n  background-position: 91% 76%;\n}\n@media (min-width:550px) {\n  #banner-959567008 {\n    padding-top: 507px;\n  }\n}\n<\/style>\n  <\/div>\n\n\n<div class=\"row\"  id=\"row-1125512440\">\n\n\t<div id=\"col-45738802\" class=\"col small-12 large-12\"  >\n\t\t\t\t<div class=\"col-inner\"  >\n\t\t\t\n\t\t\t\n<div class=\"container section-title-container\" ><h3 class=\"section-title section-title-bold\"><b><\/b><span class=\"section-title-main\" >Cadastro do lojista<\/span><b><\/b><\/h3><\/div>\n\t\t<\/div>\n\t\t\t\t\t<\/div>\n\n\t\n\n\t<div id=\"col-1937409724\" class=\"col small-12 large-12\"  >\n\t\t\t\t<div class=\"col-inner\"  >\n\t\t\t\n\t\t\t\n\n<div class=\"wpcf7 no-js\" id=\"wpcf7-f5052-o1\" lang=\"pt-BR\" dir=\"ltr\">\n<div class=\"screen-reader-response\"><p role=\"status\" aria-live=\"polite\" aria-atomic=\"true\"><\/p> <ul><\/ul><\/div>\n<form action=\"\/loja\/wp-json\/wp\/v2\/pages\/5049#wpcf7-f5052-o1\" method=\"post\" class=\"wpcf7-form init\" aria-label=\"Formul\u00e1rios de contato\" novalidate=\"novalidate\" data-status=\"init\">\n<div style=\"display: none;\">\n<input type=\"hidden\" name=\"_wpcf7\" value=\"5052\" \/>\n<input type=\"hidden\" name=\"_wpcf7_version\" value=\"5.8.3\" \/>\n<input type=\"hidden\" name=\"_wpcf7_locale\" value=\"pt_BR\" \/>\n<input type=\"hidden\" name=\"_wpcf7_unit_tag\" value=\"wpcf7-f5052-o1\" \/>\n<input type=\"hidden\" name=\"_wpcf7_container_post\" value=\"0\" \/>\n<input type=\"hidden\" name=\"_wpcf7_posted_data_hash\" value=\"\" \/>\n<\/div>\n<div class=\"row\">\n\t<div class=\"col medium-6\">\n\t\t<div class=\"col-inner\">\n\t\t\t<p><label>Nome<\/label><br \/>\n<span class=\"wpcf7-form-control-wrap\" data-name=\"nome-lojista\"><input size=\"40\" class=\"wpcf7-form-control wpcf7-text wpcf7-validates-as-required\" aria-required=\"true\" aria-invalid=\"false\" placeholder=\"Nome\" value=\"\" type=\"text\" name=\"nome-lojista\" \/><\/span>\n\t\t\t<\/p>\n\t\t<\/div>\n\t<\/div>\n\t<div class=\"col medium-6\">\n\t\t<div class=\"col-inner\">\n\t\t\t<p><label>E-mail<\/label><br \/>\n<span class=\"wpcf7-form-control-wrap\" data-name=\"email-lojista\"><input size=\"40\" class=\"wpcf7-form-control wpcf7-email wpcf7-validates-as-required wpcf7-text wpcf7-validates-as-email\" aria-required=\"true\" aria-invalid=\"false\" placeholder=\"E-mail\" value=\"\" type=\"email\" name=\"email-lojista\" \/><\/span>\n\t\t\t<\/p>\n\t\t<\/div>\n\t<\/div>\n\t<div class=\"col medium-4\">\n\t\t<div class=\"col-inner\">\n\t\t\t<p><label>Empresa<\/label><br \/>\n<span class=\"wpcf7-form-control-wrap\" data-name=\"empresa-lojista\"><input size=\"40\" class=\"wpcf7-form-control wpcf7-text wpcf7-validates-as-required\" aria-required=\"true\" aria-invalid=\"false\" placeholder=\"Empresa\" value=\"\" type=\"text\" name=\"empresa-lojista\" \/><\/span>\n\t\t\t<\/p>\n\t\t<\/div>\n\t<\/div>\n\t<div class=\"col medium-5\">\n\t\t<div class=\"col-inner\">\n\t\t\t<p><label>Endere\u00e7o<\/label><br \/>\n<span class=\"wpcf7-form-control-wrap\" data-name=\"endereco-lojista\"><input size=\"40\" class=\"wpcf7-form-control wpcf7-text wpcf7-validates-as-required\" aria-required=\"true\" aria-invalid=\"false\" placeholder=\"Endere\u00e7o\" value=\"\" type=\"text\" name=\"endereco-lojista\" \/><\/span>\n\t\t\t<\/p>\n\t\t<\/div>\n\t<\/div>\n\t<div class=\"col medium-3\">\n\t\t<div class=\"col-inner\">\n\t\t\t<p><label>CNPJ<\/label><br \/>\n<span class=\"wpcf7-form-control-wrap\" data-name=\"cnpj-lojista\"><input size=\"40\" class=\"wpcf7-form-control wpcf7-text wpcf7-validates-as-required\" aria-required=\"true\" aria-invalid=\"false\" placeholder=\"CNPJ\" value=\"\" type=\"text\" name=\"cnpj-lojista\" \/><\/span>\n\t\t\t<\/p>\n\t\t<\/div>\n\t<\/div>\n\t<div class=\"col medium-4\">\n\t\t<div class=\"col-inner\">\n\t\t\t<p><label>Cidade<\/label><br \/>\n<span class=\"wpcf7-form-control-wrap\" data-name=\"cidade-lojista\"><input size=\"40\" class=\"wpcf7-form-control wpcf7-text wpcf7-validates-as-required\" aria-required=\"true\" aria-invalid=\"false\" placeholder=\"Cidade\" value=\"\" type=\"text\" name=\"cidade-lojista\" \/><\/span>\n\t\t\t<\/p>\n\t\t<\/div>\n\t<\/div>\n\t<div class=\"col medium-3\">\n\t\t<div class=\"col-inner\">\n\t\t\t<p><label>Estado<\/label><br \/>\n<span class=\"wpcf7-form-control-wrap\" data-name=\"estado-lojista\"><input size=\"40\" class=\"wpcf7-form-control wpcf7-text wpcf7-validates-as-required\" aria-required=\"true\" aria-invalid=\"false\" placeholder=\"Estado\" value=\"\" type=\"text\" name=\"estado-lojista\" \/><\/span>\n\t\t\t<\/p>\n\t\t<\/div>\n\t<\/div>\n\t<div class=\"col medium-2\">\n\t\t<div class=\"col-inner\">\n\t\t\t<p><label>CEP<\/label><br \/>\n<span class=\"wpcf7-form-control-wrap\" data-name=\"cep-lojista\"><input size=\"40\" class=\"wpcf7-form-control wpcf7-text wpcf7-validates-as-required\" aria-required=\"true\" aria-invalid=\"false\" placeholder=\"CEP\" value=\"\" type=\"text\" name=\"cep-lojista\" \/><\/span>\n\t\t\t<\/p>\n\t\t<\/div>\n\t<\/div>\n\t<div class=\"col medium-3\">\n\t\t<div class=\"col-inner\">\n\t\t\t<p><label>Pa\u00eds<\/label><br \/>\n<span class=\"wpcf7-form-control-wrap\" data-name=\"pais-lojista\"><input size=\"40\" class=\"wpcf7-form-control wpcf7-text wpcf7-validates-as-required\" aria-required=\"true\" aria-invalid=\"false\" placeholder=\"Pa\u00eds\" value=\"\" type=\"text\" name=\"pais-lojista\" \/><\/span>\n\t\t\t<\/p>\n\t\t<\/div>\n\t<\/div>\n\t<div class=\"col medium-3\">\n\t\t<div class=\"col-inner\">\n\t\t\t<p><label>Telefone Celular<\/label><br \/>\n<span class=\"wpcf7-form-control-wrap\" data-name=\"tel-celular\"><input size=\"40\" class=\"wpcf7-form-control wpcf7-tel wpcf7-validates-as-required wpcf7-text wpcf7-validates-as-tel\" aria-required=\"true\" aria-invalid=\"false\" value=\"Telefone Celular\" type=\"tel\" name=\"tel-celular\" \/><\/span>\n\t\t\t<\/p>\n\t\t<\/div>\n\t<\/div>\n\t<div class=\"col medium-3\">\n\t\t<div class=\"col-inner\">\n\t\t\t<p><label>Telefone Comercial<\/label><br \/>\n<span class=\"wpcf7-form-control-wrap\" data-name=\"tel-comercial\"><input size=\"40\" class=\"wpcf7-form-control wpcf7-tel wpcf7-validates-as-required wpcf7-text wpcf7-validates-as-tel\" aria-required=\"true\" aria-invalid=\"false\" value=\"Telefone Comercial\" type=\"tel\" name=\"tel-comercial\" \/><\/span>\n\t\t\t<\/p>\n\t\t<\/div>\n\t<\/div>\n\t<div class=\"col medium-12\">\n\t\t<div class=\"col-inner\">\n\t\t\t<p><label>Mensagem<\/label><br \/>\n<span class=\"wpcf7-form-control-wrap\" data-name=\"mensagem\"><textarea cols=\"40\" rows=\"10\" class=\"wpcf7-form-control wpcf7-textarea wpcf7-validates-as-required\" aria-required=\"true\" aria-invalid=\"false\" placeholder=\"Mensagem\" name=\"mensagem\"><\/textarea><\/span>\n\t\t\t<\/p>\n\t\t<\/div>\n\t<\/div>\n<\/div>\n<p><input class=\"wpcf7-form-control wpcf7-submit has-spinner button\" type=\"submit\" value=\"Enviar Informa\u00e7\u00f5es\" \/>\n<\/p><div class=\"wpcf7-response-output\" aria-hidden=\"true\"><\/div>\n<\/form>\n<\/div>\n\n\t\t<\/div>\n\t\t\t\t\t<\/div>\n\n\t\n<\/div>\n<h4 style=\"text-align: center;\"><strong>A Puppy Boom nasceu com o prop\u00f3sito de levar Qualidade de Vida!<\/strong><\/h4>\n<h4 style=\"text-align: center;\"><strong>Somos dedicados e amamos o que fazemos&#8230; acreditamos na verdade, transpar\u00eancia e gentileza.<\/strong><\/h4>\n<h4 style=\"text-align: center;\"><strong>Tratando voc\u00ea como nos relacionamentos com nossos amigos. Menos empresa, mais Fam\u00edlia!<\/strong><\/h4>\n<h4 style=\"text-align: center;\"><strong>O sucesso nunca \u00e9 conquistado sozinho, nem mesmo um prop\u00f3sito&#8230;\u00a0 <\/strong><\/h4>\n<h4 style=\"text-align: center;\"><strong>Assim, esse espa\u00e7o \u00e9 dedicado a voc\u00ea Lojista que confia e acredita na Puppy Boom!<\/strong><\/h4>\n<h4 style=\"text-align: center;\"><strong>Tenha os produtos Puppy Boom na sua Loja e fa\u00e7a parte dessa Grande Fam\u00edlia!\u00a0<\/strong><\/h4>\n<h4 style=\"text-align: center;\"><strong>Preencha o formul\u00e1rio e entraremos em contato com voc\u00ea, ser\u00e1 uma grande honra!<\/strong><\/h4>\n<h4 style=\"text-align: center;\"><strong>Estamos \u00e0 disposi\u00e7\u00e3o:<\/strong><\/h4>\n<h4 style=\"text-align: center;\"><strong>Aqui voc\u00ea fala diretamente com a gente, sem e-mails autom\u00e1ticos, telefones digitais e vozes virtuais.<\/strong><\/h4>\n<h4 style=\"text-align: center;\"><strong>Preencha o formul\u00e1rio ou ligue para: (17) 3011-7156\u00a0ou (17) 33531135\u00a0Whatsapp (17) 996435757\u00a0<\/strong><\/h4>\n<h3 style=\"text-align: center;\"><strong>Atendimento telef\u00f4nico: Segunda \u00e0 sexta das 8:00 \u00e0s 18:00 hs<span style=\"color: #808080;\">\u00a0<\/span><\/strong><\/h3>\n<h3 style=\"text-align: center;\">\u00a0<strong> \u00a0 Atendimento whatsapp: Segunda \u00e0 sexta das 8:00 \u00e0s 20:00 hs e s\u00e1bados das 8:00 \u00e0s 14:00 hs<\/strong><\/h3>\n<p>&nbsp;<\/p>\n","protected":false},"excerpt":{"rendered":"<p>A Puppy Boom nasceu com o prop\u00f3sito de levar Qualidade de Vida! Somos dedicados e amamos o que fazemos&#8230; acreditamos na verdade, transpar\u00eancia e gentileza. Tratando voc\u00ea como nos relacionamentos com nossos amigos. Menos empresa, mais Fam\u00edlia! O sucesso nunca \u00e9 conquistado sozinho, nem mesmo um prop\u00f3sito&#8230;\u00a0 Assim, esse espa\u00e7o \u00e9 dedicado a voc\u00ea Lojista [&#8230;]\n","protected":false},"author":1,"featured_media":0,"parent":0,"menu_order":0,"comment_status":"closed","ping_status":"closed","template":"page-transparent-header-light.php","meta":{"footnotes":""},"yoast_head":"<!-- This site is optimized with the Yoast SEO plugin v21.5 - https:\/\/yoast.com\/wordpress\/plugins\/seo\/ -->\n<title>Lojista - Puppy Boom<\/title>\n<meta name=\"robots\" content=\"index, follow, max-snippet:-1, max-image-preview:large, max-video-preview:-1\" \/>\n<link rel=\"canonical\" href=\"https:\/\/puppyboom.com.br\/loja\/lojista\/\" \/>\n<meta property=\"og:locale\" content=\"pt_BR\" \/>\n<meta property=\"og:type\" content=\"article\" \/>\n<meta property=\"og:title\" content=\"Lojista - Puppy Boom\" \/>\n<meta property=\"og:description\" content=\"A Puppy Boom nasceu com o prop\u00f3sito de levar Qualidade de Vida! Somos dedicados e amamos o que fazemos&#8230; acreditamos na verdade, transpar\u00eancia e gentileza. Tratando voc\u00ea como nos relacionamentos com nossos amigos. Menos empresa, mais Fam\u00edlia! O sucesso nunca \u00e9 conquistado sozinho, nem mesmo um prop\u00f3sito&#8230;\u00a0 Assim, esse espa\u00e7o \u00e9 dedicado a voc\u00ea Lojista [...]\" \/>\n<meta property=\"og:url\" content=\"https:\/\/puppyboom.com.br\/loja\/lojista\/\" \/>\n<meta property=\"og:site_name\" content=\"Puppy Boom\" \/>\n<meta property=\"article:publisher\" content=\"https:\/\/www.facebook.com\/puppyboomoficial\/\" \/>\n<meta property=\"article:modified_time\" content=\"2018-11-29T12:44:54+00:00\" \/>\n<meta name=\"twitter:card\" content=\"summary_large_image\" \/>\n<meta name=\"twitter:label1\" content=\"Est. tempo de leitura\" \/>\n\t<meta name=\"twitter:data1\" content=\"1 minuto\" \/>\n<script type=\"application\/ld+json\" class=\"yoast-schema-graph\">{\"@context\":\"https:\/\/schema.org\",\"@graph\":[{\"@type\":\"WebPage\",\"@id\":\"https:\/\/puppyboom.com.br\/loja\/lojista\/\",\"url\":\"https:\/\/puppyboom.com.br\/loja\/lojista\/\",\"name\":\"Lojista - Puppy Boom\",\"isPartOf\":{\"@id\":\"https:\/\/puppyboom.com.br\/loja\/#website\"},\"datePublished\":\"2018-06-09T11:54:45+00:00\",\"dateModified\":\"2018-11-29T12:44:54+00:00\",\"breadcrumb\":{\"@id\":\"https:\/\/puppyboom.com.br\/loja\/lojista\/#breadcrumb\"},\"inLanguage\":\"pt-BR\",\"potentialAction\":[{\"@type\":\"ReadAction\",\"target\":[\"https:\/\/puppyboom.com.br\/loja\/lojista\/\"]}]},{\"@type\":\"BreadcrumbList\",\"@id\":\"https:\/\/puppyboom.com.br\/loja\/lojista\/#breadcrumb\",\"itemListElement\":[{\"@type\":\"ListItem\",\"position\":1,\"name\":\"In\u00edcio\",\"item\":\"https:\/\/puppyboom.com.br\/loja\/\"},{\"@type\":\"ListItem\",\"position\":2,\"name\":\"Lojista\"}]},{\"@type\":\"WebSite\",\"@id\":\"https:\/\/puppyboom.com.br\/loja\/#website\",\"url\":\"https:\/\/puppyboom.com.br\/loja\/\",\"name\":\"Puppy Boom\",\"description\":\"Caminhas, Colchonetes e Futons para PET e Voc\u00ea (Terap\u00eauticos e Ortop\u00e9dicos)\",\"publisher\":{\"@id\":\"https:\/\/puppyboom.com.br\/loja\/#organization\"},\"potentialAction\":[{\"@type\":\"SearchAction\",\"target\":{\"@type\":\"EntryPoint\",\"urlTemplate\":\"https:\/\/puppyboom.com.br\/loja\/?s={search_term_string}\"},\"query-input\":\"required name=search_term_string\"}],\"inLanguage\":\"pt-BR\"},{\"@type\":\"Organization\",\"@id\":\"https:\/\/puppyboom.com.br\/loja\/#organization\",\"name\":\"Puppy Boom\",\"url\":\"https:\/\/puppyboom.com.br\/loja\/\",\"logo\":{\"@type\":\"ImageObject\",\"inLanguage\":\"pt-BR\",\"@id\":\"https:\/\/puppyboom.com.br\/loja\/#\/schema\/logo\/image\/\",\"url\":\"https:\/\/puppyboom.com.br\/loja\/wp-content\/uploads\/2019\/01\/logo-boleto.png\",\"contentUrl\":\"https:\/\/puppyboom.com.br\/loja\/wp-content\/uploads\/2019\/01\/logo-boleto.png\",\"width\":145,\"height\":44,\"caption\":\"Puppy Boom\"},\"image\":{\"@id\":\"https:\/\/puppyboom.com.br\/loja\/#\/schema\/logo\/image\/\"},\"sameAs\":[\"https:\/\/www.facebook.com\/puppyboomoficial\/\",\"https:\/\/www.instagram.com\/puppyboomoficial\/\"]}]}<\/script>\n<!-- \/ Yoast SEO plugin. -->","yoast_head_json":{"title":"Lojista - Puppy Boom","robots":{"index":"index","follow":"follow","max-snippet":"max-snippet:-1","max-image-preview":"max-image-preview:large","max-video-preview":"max-video-preview:-1"},"canonical":"https:\/\/puppyboom.com.br\/loja\/lojista\/","og_locale":"pt_BR","og_type":"article","og_title":"Lojista - Puppy Boom","og_description":"A Puppy Boom nasceu com o prop\u00f3sito de levar Qualidade de Vida! Somos dedicados e amamos o que fazemos&#8230; acreditamos na verdade, transpar\u00eancia e gentileza. Tratando voc\u00ea como nos relacionamentos com nossos amigos. Menos empresa, mais Fam\u00edlia! O sucesso nunca \u00e9 conquistado sozinho, nem mesmo um prop\u00f3sito&#8230;\u00a0 Assim, esse espa\u00e7o \u00e9 dedicado a voc\u00ea Lojista [...]","og_url":"https:\/\/puppyboom.com.br\/loja\/lojista\/","og_site_name":"Puppy Boom","article_publisher":"https:\/\/www.facebook.com\/puppyboomoficial\/","article_modified_time":"2018-11-29T12:44:54+00:00","twitter_card":"summary_large_image","twitter_misc":{"Est. tempo de leitura":"1 minuto"},"schema":{"@context":"https:\/\/schema.org","@graph":[{"@type":"WebPage","@id":"https:\/\/puppyboom.com.br\/loja\/lojista\/","url":"https:\/\/puppyboom.com.br\/loja\/lojista\/","name":"Lojista - Puppy Boom","isPartOf":{"@id":"https:\/\/puppyboom.com.br\/loja\/#website"},"datePublished":"2018-06-09T11:54:45+00:00","dateModified":"2018-11-29T12:44:54+00:00","breadcrumb":{"@id":"https:\/\/puppyboom.com.br\/loja\/lojista\/#breadcrumb"},"inLanguage":"pt-BR","potentialAction":[{"@type":"ReadAction","target":["https:\/\/puppyboom.com.br\/loja\/lojista\/"]}]},{"@type":"BreadcrumbList","@id":"https:\/\/puppyboom.com.br\/loja\/lojista\/#breadcrumb","itemListElement":[{"@type":"ListItem","position":1,"name":"In\u00edcio","item":"https:\/\/puppyboom.com.br\/loja\/"},{"@type":"ListItem","position":2,"name":"Lojista"}]},{"@type":"WebSite","@id":"https:\/\/puppyboom.com.br\/loja\/#website","url":"https:\/\/puppyboom.com.br\/loja\/","name":"Puppy Boom","description":"Caminhas, Colchonetes e Futons para PET e Voc\u00ea (Terap\u00eauticos e Ortop\u00e9dicos)","publisher":{"@id":"https:\/\/puppyboom.com.br\/loja\/#organization"},"potentialAction":[{"@type":"SearchAction","target":{"@type":"EntryPoint","urlTemplate":"https:\/\/puppyboom.com.br\/loja\/?s={search_term_string}"},"query-input":"required name=search_term_string"}],"inLanguage":"pt-BR"},{"@type":"Organization","@id":"https:\/\/puppyboom.com.br\/loja\/#organization","name":"Puppy Boom","url":"https:\/\/puppyboom.com.br\/loja\/","logo":{"@type":"ImageObject","inLanguage":"pt-BR","@id":"https:\/\/puppyboom.com.br\/loja\/#\/schema\/logo\/image\/","url":"https:\/\/puppyboom.com.br\/loja\/wp-content\/uploads\/2019\/01\/logo-boleto.png","contentUrl":"https:\/\/puppyboom.com.br\/loja\/wp-content\/uploads\/2019\/01\/logo-boleto.png","width":145,"height":44,"caption":"Puppy Boom"},"image":{"@id":"https:\/\/puppyboom.com.br\/loja\/#\/schema\/logo\/image\/"},"sameAs":["https:\/\/www.facebook.com\/puppyboomoficial\/","https:\/\/www.instagram.com\/puppyboomoficial\/"]}]}},"_links":{"self":[{"href":"https:\/\/puppyboom.com.br\/loja\/wp-json\/wp\/v2\/pages\/5049"}],"collection":[{"href":"https:\/\/puppyboom.com.br\/loja\/wp-json\/wp\/v2\/pages"}],"about":[{"href":"https:\/\/puppyboom.com.br\/loja\/wp-json\/wp\/v2\/types\/page"}],"author":[{"embeddable":true,"href":"https:\/\/puppyboom.com.br\/loja\/wp-json\/wp\/v2\/users\/1"}],"replies":[{"embeddable":true,"href":"https:\/\/puppyboom.com.br\/loja\/wp-json\/wp\/v2\/comments?post=5049"}],"version-history":[{"count":7,"href":"https:\/\/puppyboom.com.br\/loja\/wp-json\/wp\/v2\/pages\/5049\/revisions"}],"predecessor-version":[{"id":17899,"href":"https:\/\/puppyboom.com.br\/loja\/wp-json\/wp\/v2\/pages\/5049\/revisions\/17899"}],"wp:attachment":[{"href":"https:\/\/puppyboom.com.br\/loja\/wp-json\/wp\/v2\/media?parent=5049"}],"curies":[{"name":"wp","href":"https:\/\/api.w.org\/{rel}","templated":true}]}}