{"id":89,"date":"2013-08-11T19:06:15","date_gmt":"2013-08-11T19:06:15","guid":{"rendered":"http:\/\/localhost:8888\/test\/?page_id=520"},"modified":"2018-11-28T16:17:29","modified_gmt":"2018-11-28T18:17:29","slug":"quem-somos","status":"publish","type":"page","link":"https:\/\/puppyboom.com.br\/loja\/quem-somos\/","title":{"rendered":"Quem Somos"},"content":{"rendered":"\n  <div class=\"banner has-hover has-parallax\" id=\"banner-1867318932\">\n          <div class=\"banner-inner fill\">\n        <div class=\"banner-bg fill\" data-parallax=\"-3\" data-parallax-container=\".banner\" data-parallax-background>\n            <div class=\"bg fill bg-fill bg-loaded\"><\/div>\n                        <div class=\"overlay\"><\/div>            \n                    <\/div>\n\t\t\n        <div class=\"banner-layers container\">\n            <div class=\"fill banner-link\"><\/div>            \n   <div id=\"text-box-876464003\" class=\"text-box banner-layer x50 md-x50 lg-x50 y100 md-y80 lg-y80 res-text\">\n                                <div class=\"text-box-content text dark\">\n              \n              <div class=\"text-inner text-center\">\n                  \n<h1 class=\"lead\">Quem Somos<\/h1>\n<p class=\"lead\">A <strong>PUPPY BOOM<\/strong> \u00e9 para os <strong>APAIXONADOS e SONHADORES<\/strong>, para VOC\u00ca que quebra os paradigmas e desafia os modelos para\u00a0<strong>transformar o mundo!<\/strong><\/p>\n              <\/div>\n           <\/div>\n                            \n<style>\n#text-box-876464003 {\n  width: 60%;\n}\n#text-box-876464003 .text-box-content {\n  font-size: 100%;\n}\n<\/style>\n    <\/div>\n \n        <\/div>\n      <\/div>\n\n            \n<style>\n#banner-1867318932 {\n  padding-top: 400px;\n}\n#banner-1867318932 .bg.bg-loaded {\n  background-image: url(https:\/\/puppyboom.com.br\/loja\/wp-content\/uploads\/2018\/06\/slide-sobre.jpg);\n}\n#banner-1867318932 .overlay {\n  background-color: rgba(0, 0, 0, 0.7);\n}\n#banner-1867318932 .bg {\n  background-position: 66% 92%;\n}\n@media (min-width:550px) {\n  #banner-1867318932 {\n    padding-top: 507px;\n  }\n  #banner-1867318932 .overlay {\n    background-color: rgba(0, 0, 0, 0.6);\n  }\n}\n<\/style>\n  <\/div>\n\n\n<div class=\"row\"  id=\"row-1419973917\">\n\n\t<div id=\"col-1618338158\" class=\"col small-12 large-12\"  >\n\t\t\t\t<div class=\"col-inner\"  >\n\t\t\t\n\t\t\t\n<p class=\"lead text-center\">Uma empresa que nasceu para <strong>inovar<\/strong> o mundo Pet, criando uma experi\u00eancia <strong>inovadora, simples, saud\u00e1vel e bem humorada<\/strong>, com produtos altamente <strong>tecnol\u00f3gicos e diferenciados!<\/strong><\/p>\n<p class=\"lead text-center\">Assim a Puppy Boom fez o improv\u00e1vel\u2026 o surpreendente\u2026 o inovador e <strong>uniu em um \u00fanico produto o conforto, o bem estar e a qualidade de vida para os animais de estima\u00e7\u00e3o tornando-se a PRIMEIRA EMPRESA NO BRASIL A DESENVOLVER PRODUTOS COM A TECNOLOGIA INFRAVERMELHO LONGO PARA SEU PET!<\/strong><\/p>\n<div class=\"text-center\"><div class=\"is-divider divider clearfix\" ><\/div><\/div>\n\t\t<\/div>\n\t\t\t\t\t<\/div>\n\n\t\n\n\t<div id=\"col-1744163445\" class=\"col small-12 large-12\"  >\n\t\t\t\t<div class=\"col-inner\"  >\n\t\t\t\n\t\t\t\n<h2>Miss\u00e3o<\/h2>\n<p class=\"lead\">A Puppy Boom est\u00e1 empenhada em oferecer conforto, bem estar e qualidade de vida para as pessoas e seus animais de estima\u00e7\u00e3o, proporcionando uma experi\u00eancia memor\u00e1vel (inovadora, simples, saud\u00e1vel e bem humorada) \u00e0 excel\u00eancia em produtos altamente tecnol\u00f3gicos e diferenciados.<\/p>\n\t\t<\/div>\n\t\t\t\t\t<\/div>\n\n\t\n\n\t<div id=\"col-860144165\" class=\"col small-12 large-12\"  >\n\t\t\t\t<div class=\"col-inner\"  >\n\t\t\t\n\t\t\t\n<h2>Vis\u00e3o<\/h2>\n<p class=\"lead\">A longo prazo e de forma cont\u00ednua, ser um grupo que se consolide como refer\u00eancia nacional e internacional no mercado Pet &amp; People, por meio de um portf\u00f3lio de produtos de qualidade, altamente tecnol\u00f3gicos e diferenciados, representado por marcas fortes, com caracter\u00edsticas e propostas \u00fanicas.<\/p>\n\t\t<\/div>\n\t\t\t\t\t<\/div>\n\n\t\n\n\t<div id=\"col-19643250\" class=\"col small-12 large-12\"  >\n\t\t\t\t<div class=\"col-inner\"  >\n\t\t\t\n\t\t\t\n<h2>Valores<\/h2>\n<ul class=\"lista-valores\">\n<li class=\"bullet-checkmark\">F\u00e9<\/li>\n<li class=\"bullet-checkmark\">Entusiasmo e paix\u00e3o<\/li>\n<li class=\"bullet-checkmark\">Persist\u00eancia e lideran\u00e7a<\/li>\n<li class=\"bullet-checkmark\">\u00c9tica, transpar\u00eancia e respeito m\u00fatuo<\/li>\n<li class=\"bullet-checkmark\">Responsabilidade, qualidade e inova\u00e7\u00e3o<\/li>\n<\/ul>\n<p>Sendo uma marca INOVADORA no mercado Pet, a Puppy Boom permaneceu pela F\u00c9 e PERSIST\u00caNCIA e ap\u00f3s os dois primeiros anos sem vendas,\u00a0consagrei a Puppy Boom ao Santo e Poderoso Deus de Israel.<\/p>\n<p>O Deus de Abra\u00e3o, de Isaque e Jac\u00f3 e meu Deus.<\/p>\n<p>Assim, aben\u00e7oados por Deus e com muita seriedade, a Puppy Boom come\u00e7ou a dar seus primeiros passos, de indica\u00e7\u00e3o em indica\u00e7\u00e3o conquistando cada vez mais clientes que s\u00e3o uma ben\u00e7\u00e3o para n\u00f3s, pois cada um de nossos clientes juntos fazem a Grande Fam\u00edlia Puppy Boom, que hoje est\u00e1 por todo o Brasil e at\u00e9 mesmo em pa\u00edses como Sui\u00e7a, Irlanda, Uruguai e Jap\u00e3o!<\/p>\n\t\t<\/div>\n\t\t\t\t\t<\/div>\n\n\t\n\n\t<div id=\"col-2089322450\" class=\"col small-12 large-12\"  >\n\t\t\t\t<div class=\"col-inner\"  >\n\t\t\t\n\t\t\t\n<blockquote><p>Toda a riqueza e prosperidade v\u00eam de ti; tu governas todas as coisas com o teu poder e a tua for\u00e7a e podes tornar grande e forte qualquer pessoa. (1 Cr\u00f4nicas 29-12).<\/p><\/blockquote>\n\t\t<\/div>\n\t\t\t\t\t<\/div>\n\n\t\n\n\t<div id=\"col-320709397\" class=\"col small-12 large-12\"  >\n\t\t\t\t<div class=\"col-inner\"  >\n\t\t\t\n\t\t\t\n<p class=\"lead\">Puppy Boom &amp; Puppy Boom People Grandes e Fortes!<\/p>\n<blockquote><p>\u201cUma empresa jovem e direta com as pessoas, que busca o inesperado e surpreender sempre.\u201d<\/p>\n<p>Puppy Boom, pela propriet\u00e1ria.<\/p>\n<p>&nbsp;<\/p>\n<p>&nbsp;<\/p><\/blockquote>\n\t\t<\/div>\n\t\t\t\t\t<\/div>\n\n\t\n<\/div>\n","protected":false},"excerpt":{"rendered":"","protected":false},"author":1,"featured_media":0,"parent":0,"menu_order":0,"comment_status":"closed","ping_status":"closed","template":"page-transparent-header-light.php","meta":{"footnotes":""},"yoast_head":"<!-- This site is optimized with the Yoast SEO plugin v21.5 - https:\/\/yoast.com\/wordpress\/plugins\/seo\/ -->\n<title>Quem Somos - Puppy Boom<\/title>\n<meta name=\"robots\" content=\"index, follow, max-snippet:-1, max-image-preview:large, max-video-preview:-1\" \/>\n<link rel=\"canonical\" href=\"https:\/\/puppyboom.com.br\/loja\/quem-somos\/\" \/>\n<meta property=\"og:locale\" content=\"pt_BR\" \/>\n<meta property=\"og:type\" content=\"article\" \/>\n<meta property=\"og:title\" content=\"Quem Somos - Puppy Boom\" \/>\n<meta property=\"og:url\" content=\"https:\/\/puppyboom.com.br\/loja\/quem-somos\/\" \/>\n<meta property=\"og:site_name\" content=\"Puppy Boom\" \/>\n<meta property=\"article:publisher\" content=\"https:\/\/www.facebook.com\/puppyboomoficial\/\" \/>\n<meta property=\"article:modified_time\" content=\"2018-11-28T18:17:29+00:00\" \/>\n<meta name=\"twitter:card\" content=\"summary_large_image\" \/>\n<meta name=\"twitter:label1\" content=\"Est. tempo de leitura\" \/>\n\t<meta name=\"twitter:data1\" content=\"2 minutos\" \/>\n<script type=\"application\/ld+json\" class=\"yoast-schema-graph\">{\"@context\":\"https:\/\/schema.org\",\"@graph\":[{\"@type\":\"WebPage\",\"@id\":\"https:\/\/puppyboom.com.br\/loja\/quem-somos\/\",\"url\":\"https:\/\/puppyboom.com.br\/loja\/quem-somos\/\",\"name\":\"Quem Somos - Puppy Boom\",\"isPartOf\":{\"@id\":\"https:\/\/puppyboom.com.br\/loja\/#website\"},\"datePublished\":\"2013-08-11T19:06:15+00:00\",\"dateModified\":\"2018-11-28T18:17:29+00:00\",\"breadcrumb\":{\"@id\":\"https:\/\/puppyboom.com.br\/loja\/quem-somos\/#breadcrumb\"},\"inLanguage\":\"pt-BR\",\"potentialAction\":[{\"@type\":\"ReadAction\",\"target\":[\"https:\/\/puppyboom.com.br\/loja\/quem-somos\/\"]}]},{\"@type\":\"BreadcrumbList\",\"@id\":\"https:\/\/puppyboom.com.br\/loja\/quem-somos\/#breadcrumb\",\"itemListElement\":[{\"@type\":\"ListItem\",\"position\":1,\"name\":\"In\u00edcio\",\"item\":\"https:\/\/puppyboom.com.br\/loja\/\"},{\"@type\":\"ListItem\",\"position\":2,\"name\":\"Quem Somos\"}]},{\"@type\":\"WebSite\",\"@id\":\"https:\/\/puppyboom.com.br\/loja\/#website\",\"url\":\"https:\/\/puppyboom.com.br\/loja\/\",\"name\":\"Puppy Boom\",\"description\":\"Caminhas, Colchonetes e Futons para PET e Voc\u00ea (Terap\u00eauticos e Ortop\u00e9dicos)\",\"publisher\":{\"@id\":\"https:\/\/puppyboom.com.br\/loja\/#organization\"},\"potentialAction\":[{\"@type\":\"SearchAction\",\"target\":{\"@type\":\"EntryPoint\",\"urlTemplate\":\"https:\/\/puppyboom.com.br\/loja\/?s={search_term_string}\"},\"query-input\":\"required name=search_term_string\"}],\"inLanguage\":\"pt-BR\"},{\"@type\":\"Organization\",\"@id\":\"https:\/\/puppyboom.com.br\/loja\/#organization\",\"name\":\"Puppy Boom\",\"url\":\"https:\/\/puppyboom.com.br\/loja\/\",\"logo\":{\"@type\":\"ImageObject\",\"inLanguage\":\"pt-BR\",\"@id\":\"https:\/\/puppyboom.com.br\/loja\/#\/schema\/logo\/image\/\",\"url\":\"https:\/\/puppyboom.com.br\/loja\/wp-content\/uploads\/2019\/01\/logo-boleto.png\",\"contentUrl\":\"https:\/\/puppyboom.com.br\/loja\/wp-content\/uploads\/2019\/01\/logo-boleto.png\",\"width\":145,\"height\":44,\"caption\":\"Puppy Boom\"},\"image\":{\"@id\":\"https:\/\/puppyboom.com.br\/loja\/#\/schema\/logo\/image\/\"},\"sameAs\":[\"https:\/\/www.facebook.com\/puppyboomoficial\/\",\"https:\/\/www.instagram.com\/puppyboomoficial\/\"]}]}<\/script>\n<!-- \/ Yoast SEO plugin. -->","yoast_head_json":{"title":"Quem Somos - Puppy Boom","robots":{"index":"index","follow":"follow","max-snippet":"max-snippet:-1","max-image-preview":"max-image-preview:large","max-video-preview":"max-video-preview:-1"},"canonical":"https:\/\/puppyboom.com.br\/loja\/quem-somos\/","og_locale":"pt_BR","og_type":"article","og_title":"Quem Somos - Puppy Boom","og_url":"https:\/\/puppyboom.com.br\/loja\/quem-somos\/","og_site_name":"Puppy Boom","article_publisher":"https:\/\/www.facebook.com\/puppyboomoficial\/","article_modified_time":"2018-11-28T18:17:29+00:00","twitter_card":"summary_large_image","twitter_misc":{"Est. tempo de leitura":"2 minutos"},"schema":{"@context":"https:\/\/schema.org","@graph":[{"@type":"WebPage","@id":"https:\/\/puppyboom.com.br\/loja\/quem-somos\/","url":"https:\/\/puppyboom.com.br\/loja\/quem-somos\/","name":"Quem Somos - Puppy Boom","isPartOf":{"@id":"https:\/\/puppyboom.com.br\/loja\/#website"},"datePublished":"2013-08-11T19:06:15+00:00","dateModified":"2018-11-28T18:17:29+00:00","breadcrumb":{"@id":"https:\/\/puppyboom.com.br\/loja\/quem-somos\/#breadcrumb"},"inLanguage":"pt-BR","potentialAction":[{"@type":"ReadAction","target":["https:\/\/puppyboom.com.br\/loja\/quem-somos\/"]}]},{"@type":"BreadcrumbList","@id":"https:\/\/puppyboom.com.br\/loja\/quem-somos\/#breadcrumb","itemListElement":[{"@type":"ListItem","position":1,"name":"In\u00edcio","item":"https:\/\/puppyboom.com.br\/loja\/"},{"@type":"ListItem","position":2,"name":"Quem Somos"}]},{"@type":"WebSite","@id":"https:\/\/puppyboom.com.br\/loja\/#website","url":"https:\/\/puppyboom.com.br\/loja\/","name":"Puppy Boom","description":"Caminhas, Colchonetes e Futons para PET e Voc\u00ea (Terap\u00eauticos e Ortop\u00e9dicos)","publisher":{"@id":"https:\/\/puppyboom.com.br\/loja\/#organization"},"potentialAction":[{"@type":"SearchAction","target":{"@type":"EntryPoint","urlTemplate":"https:\/\/puppyboom.com.br\/loja\/?s={search_term_string}"},"query-input":"required name=search_term_string"}],"inLanguage":"pt-BR"},{"@type":"Organization","@id":"https:\/\/puppyboom.com.br\/loja\/#organization","name":"Puppy Boom","url":"https:\/\/puppyboom.com.br\/loja\/","logo":{"@type":"ImageObject","inLanguage":"pt-BR","@id":"https:\/\/puppyboom.com.br\/loja\/#\/schema\/logo\/image\/","url":"https:\/\/puppyboom.com.br\/loja\/wp-content\/uploads\/2019\/01\/logo-boleto.png","contentUrl":"https:\/\/puppyboom.com.br\/loja\/wp-content\/uploads\/2019\/01\/logo-boleto.png","width":145,"height":44,"caption":"Puppy Boom"},"image":{"@id":"https:\/\/puppyboom.com.br\/loja\/#\/schema\/logo\/image\/"},"sameAs":["https:\/\/www.facebook.com\/puppyboomoficial\/","https:\/\/www.instagram.com\/puppyboomoficial\/"]}]}},"_links":{"self":[{"href":"https:\/\/puppyboom.com.br\/loja\/wp-json\/wp\/v2\/pages\/89"}],"collection":[{"href":"https:\/\/puppyboom.com.br\/loja\/wp-json\/wp\/v2\/pages"}],"about":[{"href":"https:\/\/puppyboom.com.br\/loja\/wp-json\/wp\/v2\/types\/page"}],"author":[{"embeddable":true,"href":"https:\/\/puppyboom.com.br\/loja\/wp-json\/wp\/v2\/users\/1"}],"replies":[{"embeddable":true,"href":"https:\/\/puppyboom.com.br\/loja\/wp-json\/wp\/v2\/comments?post=89"}],"version-history":[{"count":18,"href":"https:\/\/puppyboom.com.br\/loja\/wp-json\/wp\/v2\/pages\/89\/revisions"}],"predecessor-version":[{"id":17891,"href":"https:\/\/puppyboom.com.br\/loja\/wp-json\/wp\/v2\/pages\/89\/revisions\/17891"}],"wp:attachment":[{"href":"https:\/\/puppyboom.com.br\/loja\/wp-json\/wp\/v2\/media?parent=89"}],"curies":[{"name":"wp","href":"https:\/\/api.w.org\/{rel}","templated":true}]}}